{"id":124,"date":"2025-10-20T20:52:21","date_gmt":"2025-10-20T17:52:21","guid":{"rendered":"https:\/\/imposing.com.tr\/index.php\/sayfailet\/"},"modified":"2025-11-09T19:28:21","modified_gmt":"2025-11-09T16:28:21","slug":"sayfailet","status":"publish","type":"page","link":"https:\/\/imposing.com.tr\/index.php\/sayfailet\/","title":{"rendered":"iletisim"},"content":{"rendered":"<!--themify_builder_content-->\n<div id=\"themify_builder_content-124\" data-postid=\"124\" class=\"themify_builder_content themify_builder_content-124 themify_builder tf_clear\">\n                    <div  data-lazy=\"1\" class=\"module_row themify_builder_row tb_f2xr400 tb_first tf_w\">\n                        <div class=\"row_inner col_align_top tb_col_count_1 tf_box tf_rel\">\n                        <div  data-lazy=\"1\" class=\"module_column tb-column col-full tb_q751402 first\">\n                    <!-- module image -->\n<div  class=\"module module-image tb_cnd9402 image-left   tf_mw\" data-lazy=\"1\">\n        <div class=\"image-wrap tf_rel tf_mw\">\n            <img loading=\"lazy\" decoding=\"async\" src=\"https:\/\/imposing.com.tr\/wp-content\/uploads\/2025\/10\/cur-1536x940.jpg-1024x627-428x368.webp\" width=\"428\" height=\"368\" class=\"wp-post-image wp-image-130\" title=\"cur-1536x940.jpg\" alt=\"cur-1536x940.jpg\" srcset=\"https:\/\/imposing.com.tr\/wp-content\/uploads\/2025\/10\/cur-1536x940.jpg-1024x627-428x368.webp 428w, https:\/\/imposing.com.tr\/wp-content\/uploads\/2025\/10\/cur-1536x940.jpg-1024x627-516x444.webp 516w\" sizes=\"auto, (max-width: 428px) 100vw, 428px\" \/>    \n        <\/div>\n    <!-- \/image-wrap -->\n    \n        <\/div>\n<!-- \/module image -->        <\/div>\n                        <\/div>\n        <\/div>\n                        <div  data-anchor=\"message\" data-lazy=\"1\" class=\"module_row themify_builder_row tb_has_section tb_section-message tb_ni4p400 tf_w\">\n                        <div class=\"row_inner col_align_middle tb_col_count_2 tf_box tf_rel\">\n                        <div  data-lazy=\"1\" class=\"module_column tb-column col4-2 tb_xyyh406 first\">\n                            <div  data-lazy=\"1\" class=\"module_subrow themify_builder_sub_row tf_w col_align_top tb_col_count_1 tb_b8on406\">\n                <div  data-lazy=\"1\" class=\"module_column sub_column col-full tb_6kw7407 first\">\n                    <!-- module text -->\n<div  class=\"module module-text tb_axqv407   \" data-lazy=\"1\">\n        <div  class=\"tb_text_wrap\">\n            <\/div>\n<\/div>\n<!-- \/module text --><!-- module image -->\n<div  class=\"module module-image tb_uxpc404 image-top   tf_mw\" data-lazy=\"1\">\n        <div class=\"image-wrap tf_rel tf_mw\">\n            <img loading=\"lazy\" decoding=\"async\" src=\"https:\/\/imposing.com.tr\/wp-content\/uploads\/2025\/10\/yazili-logo-540x197.png\" width=\"540\" height=\"197\" class=\"wp-post-image wp-image-131\" title=\"yaz\u0131l\u0131 logo\" alt=\"yaz\u0131l\u0131 logo\">    \n        <\/div>\n    <!-- \/image-wrap -->\n    \n        <\/div>\n<!-- \/module image --><!-- module text -->\n<div  class=\"module module-text tb_legu556   \" data-lazy=\"1\">\n        <div  class=\"tb_text_wrap\">\n        <h3>\u00a0<\/h3>\n<h3>\u0130leti\u015fim Bilgileri<\/h3>    <\/div>\n<\/div>\n<!-- \/module text -->        <\/div>\n                    <\/div>\n                <div  data-lazy=\"1\" class=\"module_subrow themify_builder_sub_row tf_w col_align_top tb_col_count_2 tb_rjsi408\">\n                <div  data-lazy=\"1\" class=\"module_column sub_column col3-1 tb_hqd3408 first\">\n                    <!-- module text -->\n<div  class=\"module module-text tb_dcif408   \" data-lazy=\"1\">\n        <div  class=\"tb_text_wrap\">\n        <h4>Adres\u00a0<\/h4>    <\/div>\n<\/div>\n<!-- \/module text -->        <\/div>\n                    <div  data-lazy=\"1\" class=\"module_column sub_column col3-2 tb_rxr4409 last\">\n                    <!-- module text -->\n<div  class=\"module module-text tb_ml30409   \" data-lazy=\"1\">\n        <div  class=\"tb_text_wrap\">\n        <p>Alpkent Mah. 1033 SK. No:39\/3<br>Torbal\u0131 \/\u0130zmir<\/p>    <\/div>\n<\/div>\n<!-- \/module text -->        <\/div>\n                    <\/div>\n                <div  data-lazy=\"1\" class=\"module_subrow themify_builder_sub_row tf_w col_align_top tb_col_count_2 tb_5ak8410\">\n                <div  data-lazy=\"1\" class=\"module_column sub_column col3-1 tb_syga411 first\">\n                    <!-- module text -->\n<div  class=\"module module-text tb_jhe1411   \" data-lazy=\"1\">\n        <div  class=\"tb_text_wrap\">\n        <h4>Telefon<\/h4>    <\/div>\n<\/div>\n<!-- \/module text -->        <\/div>\n                    <div  data-lazy=\"1\" class=\"module_column sub_column col3-2 tb_gmqn411 last\">\n                    <!-- module text -->\n<div  class=\"module module-text tb_eaki412   \" data-lazy=\"1\">\n        <div  class=\"tb_text_wrap\">\n        <p><a href=\"tel:+905336799512\" data-wplink-edit=\"true\">+905336799512<\/a><\/p>    <\/div>\n<\/div>\n<!-- \/module text -->        <\/div>\n                    <\/div>\n                <div  data-lazy=\"1\" class=\"module_subrow themify_builder_sub_row tf_w col_align_top tb_col_count_2 tb_zkqs413\">\n                <div  data-lazy=\"1\" class=\"module_column sub_column col3-1 tb_dsa3414 first\">\n                    <!-- module text -->\n<div  class=\"module module-text tb_0852414   \" data-lazy=\"1\">\n        <div  class=\"tb_text_wrap\">\n        <h4>E-posta<\/h4>    <\/div>\n<\/div>\n<!-- \/module text -->        <\/div>\n                    <div  data-lazy=\"1\" class=\"module_column sub_column col3-2 tb_esd6415 last\">\n                    <!-- module text -->\n<div  class=\"module module-text tb_9bpk415   \" data-lazy=\"1\">\n        <div  class=\"tb_text_wrap\">\n        <p><a href=\"mailto:info@imposing.com.tr\">info@imposing.com.tr<\/a><\/p>    <\/div>\n<\/div>\n<!-- \/module text -->        <\/div>\n                    <\/div>\n                <div  data-lazy=\"1\" class=\"module_subrow themify_builder_sub_row tf_w col_align_top tb_col_count_1 tb_rsvc831\">\n                <div  data-lazy=\"1\" class=\"module_column sub_column tb_a96r968 first\">\n                    <!-- module icon -->\n<div  class=\"module module-icon tb_u48t183    icon_horizontal \" data-lazy=\"1\">\n\t\t\t<div class=\"module-icon-item\">\n\t\t\t\t\t\t\t<a href=\"https:\/\/www.instagram.com\/imposing_insan_kaynaklari\/\" rel=\"noopener\" target=\"_blank\">\n\t\t\t\t\t\t\t\t\t\t\t\t\t\t\t\t\t<em class=\"tf_box\"\n\t\t\t\t\t\t\t\t\t\t\t\t style=\"background-color:#4d7de1;color:#edf3ff\"\t\t\t\t\t><svg  class=\"tf_fa tf-fab-instagram\" aria-hidden=\"true\"><use href=\"#tf-fab-instagram\"><\/use><\/svg><\/em>\n\t\t\t\t\t\t\t\t\t\t\t\t\t\t\t\t\t\t\t<span>\u0130nstagram<\/span>\n\t\t\t\t\t\t\t\t\t\t\t\t\t\t\t\t\t<\/a>\n\t\t\t\t\t<\/div>\n\t\t\t<div class=\"module-icon-item\">\n\t\t\t\t\t\t\t<a href=\"https:\/\/www.linkedin.com\/company\/imposing-i%CC%87nsan-kaynaklar%C4%B1\/\" rel=\"noopener\" target=\"_blank\">\n\t\t\t\t\t\t\t\t\t\t\t\t\t\t\t\t\t<em class=\"tf_box\"\n\t\t\t\t\t\t\t\t\t\t\t\t style=\"background-color:#4d7de1;color:#edf3ff\"\t\t\t\t\t><svg  class=\"tf_fa tf-fab-linkedin\" aria-hidden=\"true\"><use href=\"#tf-fab-linkedin\"><\/use><\/svg><\/em>\n\t\t\t\t\t\t\t\t\t\t\t\t\t\t\t\t\t\t\t<span>Linkedin<\/span>\n\t\t\t\t\t\t\t\t\t\t\t\t\t\t\t\t\t<\/a>\n\t\t\t\t\t<\/div>\n\t<\/div>\n<!-- \/module icon -->\n        <\/div>\n                    <\/div>\n                <\/div>\n                    <div  data-lazy=\"1\" class=\"module_column tb-column col4-2 tb_r9o6416 last\">\n                    <!-- module text -->\n<div  class=\"module module-text tb_k2rn416   \" data-lazy=\"1\">\n        <div  class=\"tb_text_wrap\">\n        <h4 style=\"text-align: center;\">Mesaj G\u00f6nder<\/h4>\n<h3>\n<div class=\"wpcf7 no-js\" id=\"wpcf7-f738-o1\" lang=\"tr-TR\" dir=\"ltr\" data-wpcf7-id=\"738\">\n<div class=\"screen-reader-response\"><p role=\"status\" aria-live=\"polite\" aria-atomic=\"true\"><\/p> <ul><\/ul><\/div>\n<form action=\"\/index.php\/wp-json\/wp\/v2\/pages\/124#wpcf7-f738-o1\" method=\"post\" class=\"wpcf7-form init\" aria-label=\"\u0130leti\u015fim Formu\" novalidate=\"novalidate\" data-status=\"init\">\n<fieldset class=\"hidden-fields-container\"><input type=\"hidden\" name=\"_wpcf7\" value=\"738\" \/><input type=\"hidden\" name=\"_wpcf7_version\" value=\"6.1.4\" \/><input type=\"hidden\" name=\"_wpcf7_locale\" value=\"tr_TR\" \/><input type=\"hidden\" name=\"_wpcf7_unit_tag\" value=\"wpcf7-f738-o1\" \/><input type=\"hidden\" name=\"_wpcf7_container_post\" value=\"0\" \/><input type=\"hidden\" name=\"_wpcf7_posted_data_hash\" value=\"\" \/>\n<\/fieldset>\n<p><label> Ad\u0131n\u0131z<br \/>\n<span class=\"wpcf7-form-control-wrap\" data-name=\"your-name\"><input size=\"40\" maxlength=\"400\" class=\"wpcf7-form-control wpcf7-text wpcf7-validates-as-required\" autocomplete=\"name\" aria-required=\"true\" aria-invalid=\"false\" value=\"\" type=\"text\" name=\"your-name\" \/><\/span> <\/label>\n<\/p>\n<p><label> E-posta adresiniz<br \/>\n<span class=\"wpcf7-form-control-wrap\" data-name=\"your-email\"><input size=\"40\" maxlength=\"400\" class=\"wpcf7-form-control wpcf7-email wpcf7-validates-as-required wpcf7-text wpcf7-validates-as-email\" autocomplete=\"email\" aria-required=\"true\" aria-invalid=\"false\" value=\"\" type=\"email\" name=\"your-email\" \/><\/span> <\/label>\n<\/p>\n<p><label> Konu<br \/>\n<span class=\"wpcf7-form-control-wrap\" data-name=\"your-subject\"><input size=\"40\" maxlength=\"400\" class=\"wpcf7-form-control wpcf7-text wpcf7-validates-as-required\" aria-required=\"true\" aria-invalid=\"false\" value=\"\" type=\"text\" name=\"your-subject\" \/><\/span> <\/label>\n<\/p>\n<p><label> \u0130letiniz (tercihe ba\u011fl\u0131)<br \/>\n<span class=\"wpcf7-form-control-wrap\" data-name=\"your-message\"><textarea cols=\"40\" rows=\"10\" maxlength=\"2000\" class=\"wpcf7-form-control wpcf7-textarea\" aria-invalid=\"false\" name=\"your-message\"><\/textarea><\/span> <\/label>\n<\/p>\n<p><input class=\"wpcf7-form-control wpcf7-submit has-spinner\" type=\"submit\" value=\"G\u00f6nder\" \/>\n<\/p><div class=\"wpcf7-response-output\" aria-hidden=\"true\"><\/div>\n<\/form>\n<\/div>\n<\/h3>    <\/div>\n<\/div>\n<!-- \/module text -->        <\/div>\n                        <\/div>\n        <\/div>\n        <\/div>\n<!--\/themify_builder_content-->","protected":false},"excerpt":{"rendered":"<p>\u00a0 \u0130leti\u015fim Bilgileri<\/p>\n","protected":false},"author":1,"featured_media":0,"parent":0,"menu_order":0,"comment_status":"closed","ping_status":"closed","template":"template-home.php","meta":{"footnotes":""},"class_list":["post-124","page","type-page","status-publish","hentry"],"builder_content":"<img src=\"https:\/\/imposing.com.tr\/wp-content\/uploads\/2025\/10\/cur-1536x940.jpg-1024x627-428x368.webp\" width=\"428\" height=\"368\" title=\"cur-1536x940.jpg\" alt=\"cur-1536x940.jpg\" srcset=\"https:\/\/imposing.com.tr\/wp-content\/uploads\/2025\/10\/cur-1536x940.jpg-1024x627-428x368.webp 428w, https:\/\/imposing.com.tr\/wp-content\/uploads\/2025\/10\/cur-1536x940.jpg-1024x627-516x444.webp 516w\" sizes=\"(max-width: 428px) 100vw, 428px\" \/>\n\n<img src=\"https:\/\/imposing.com.tr\/wp-content\/uploads\/2025\/10\/yazili-logo-540x197.png\" width=\"540\" height=\"197\" title=\"yaz\u0131l\u0131 logo\" alt=\"yaz\u0131l\u0131 logo\">\n<h3>\u00a0<\/h3> <h3>\u0130leti\u015fim Bilgileri<\/h3>\n<h4>Adres\u00a0<\/h4>\n<p>Alpkent Mah. 1033 SK. No:39\/3<br>Torbal\u0131 \/\u0130zmir<\/p>\n<h4>Telefon<\/h4>\n<p><a href=\"tel:+905336799512\" data-wplink-edit=\"true\">+905336799512<\/a><\/p>\n<h4>E-posta<\/h4>\n<p><a href=\"mailto:info@imposing.com.tr\">info@imposing.com.tr<\/a><\/p>\n<a href=\"https:\/\/www.instagram.com\/imposing_insan_kaynaklari\/\" rel=\"noopener\" target=\"_blank\"> <em style=\"background-color:#4d7de1;color:#edf3ff\" ><svg aria-hidden=\"true\"><use href=\"#tf-fab-instagram\"><\/use><\/svg><\/em> \u0130nstagram <\/a> <a href=\"https:\/\/www.linkedin.com\/company\/imposing-i%CC%87nsan-kaynaklar%C4%B1\/\" rel=\"noopener\" target=\"_blank\"> <em style=\"background-color:#4d7de1;color:#edf3ff\" ><svg aria-hidden=\"true\"><use href=\"#tf-fab-linkedin\"><\/use><\/svg><\/em> Linkedin <\/a>\n<h4 style=\"text-align: center;\">Mesaj G\u00f6nder<\/h4> <h3>[contact-form-7 id=\"382f77c\" title=\"\u0130let\"]<\/h3>","_links":{"self":[{"href":"https:\/\/imposing.com.tr\/index.php\/wp-json\/wp\/v2\/pages\/124","targetHints":{"allow":["GET"]}}],"collection":[{"href":"https:\/\/imposing.com.tr\/index.php\/wp-json\/wp\/v2\/pages"}],"about":[{"href":"https:\/\/imposing.com.tr\/index.php\/wp-json\/wp\/v2\/types\/page"}],"author":[{"embeddable":true,"href":"https:\/\/imposing.com.tr\/index.php\/wp-json\/wp\/v2\/users\/1"}],"replies":[{"embeddable":true,"href":"https:\/\/imposing.com.tr\/index.php\/wp-json\/wp\/v2\/comments?post=124"}],"version-history":[{"count":66,"href":"https:\/\/imposing.com.tr\/index.php\/wp-json\/wp\/v2\/pages\/124\/revisions"}],"predecessor-version":[{"id":768,"href":"https:\/\/imposing.com.tr\/index.php\/wp-json\/wp\/v2\/pages\/124\/revisions\/768"}],"wp:attachment":[{"href":"https:\/\/imposing.com.tr\/index.php\/wp-json\/wp\/v2\/media?parent=124"}],"curies":[{"name":"wp","href":"https:\/\/api.w.org\/{rel}","templated":true}]}}