{"id":294,"date":"2025-10-22T10:53:56","date_gmt":"2025-10-22T07:53:56","guid":{"rendered":"https:\/\/imposing.com.tr\/index.php\/bordro\/"},"modified":"2025-10-22T10:59:37","modified_gmt":"2025-10-22T07:59:37","slug":"bordro","status":"publish","type":"page","link":"https:\/\/imposing.com.tr\/index.php\/bordro\/","title":{"rendered":"bordro"},"content":{"rendered":"<!--themify_builder_content-->\n<div id=\"themify_builder_content-294\" data-postid=\"294\" class=\"themify_builder_content themify_builder_content-294 themify_builder tf_clear\">\n                    <div  data-css_id=\"g5xs190\" data-lazy=\"1\" class=\"module_row themify_builder_row fullwidth tb_g5xs190 tb_first tf_w\">\n                        <div class=\"row_inner col_align_middle gutter-none tb_col_count_2 tf_box tf_rel\">\n                        <div  data-lazy=\"1\" class=\"module_column tb-column col3-2 tb_bhch190 first\">\n                    <!-- module text -->\n<div  class=\"module module-text tb_wyg3191   \" data-lazy=\"1\">\n        <div  class=\"tb_text_wrap\">\n        <h1>Bordro \u00c7\u00f6z\u00fcmleri<\/h1>    <\/div>\n<\/div>\n<!-- \/module text --><!-- module text -->\n<div  class=\"module module-text tb_gkoo276   \" data-lazy=\"1\">\n        <div  class=\"tb_text_wrap\">\n        <p>\u00a0 \u00a0 \u00a0 \u00a0 &#8220;\u015eirketinizin bordro s\u00fcre\u00e7lerini hatas\u0131z, yasal uyumlu ve verimli hale getirmek i\u00e7in uzman dan\u0131\u015fmanl\u0131k hizmetlerimizle yan\u0131n\u0131zday\u0131z. \u00dccret politikalar\u0131n\u0131n olu\u015fturulmas\u0131ndan bordro sistemlerinin kurulmas\u0131na, SGK ve vergi mevzuat\u0131na uygunluk denetimlerine kadar t\u00fcm a\u015famalarda destek veriyoruz. Vardiyal\u0131 \u00e7al\u0131\u015fma sistemlerinde bordro hesaplamalar\u0131, fazla mesai y\u00f6netimi, te\u015fvik ve destek uygulamalar\u0131, sendikal yap\u0131lar ile toplu s\u00f6zle\u015fme s\u00fcre\u00e7lerini mevzuata tam uyumlu \u015fekilde y\u00f6netiyoruz. Dijital bordro sistemlerine ge\u00e7i\u015f ve entegrasyon dan\u0131\u015fmanl\u0131\u011f\u0131yla operasyonel verimlili\u011fi art\u0131r\u0131yor, manuel hatalar\u0131 minimize ediyoruz. \u00dcretim, g\u0131da ve turizm sekt\u00f6rlerindeki karma\u015f\u0131k bordro ihtiya\u00e7lar\u0131n\u0131 ele alarak, denetimlere haz\u0131r \u015feffaf bir altyap\u0131 olu\u015fturuyoruz. Ara\u015ft\u0131rmalar, bordro outsourcing&#8217;in hatalar\u0131 %31 azaltt\u0131\u011f\u0131n\u0131 ve maliyetleri \u00f6nemli \u00f6l\u00e7\u00fcde d\u00fc\u015f\u00fcrd\u00fc\u011f\u00fcn\u00fc g\u00f6steriyor. Bir turizm m\u00fc\u015fterimizde uygulad\u0131\u011f\u0131m\u0131z dijital ge\u00e7i\u015fle, bordro i\u015flem s\u00fcresi %50 k\u0131salm\u0131\u015f ve yasal cezalar tamamen ortadan kalkm\u0131\u015ft\u0131r. Bu hizmetlerimizle zaman\u0131n\u0131z\u0131 ve kaynaklar\u0131n\u0131z\u0131 bo\u015fa harcamadan, yasal riskleri ortadan kald\u0131r\u0131yoruz. G\u00fcvenilir bordro y\u00f6netimi sayesinde, \u00e7al\u0131\u015fan memnuniyetini art\u0131r\u0131rken \u015firketinizin mali yap\u0131s\u0131n\u0131 g\u00fc\u00e7lendiriyoruz. Bordro s\u00fcre\u00e7lerinde g\u00fcvenilir dan\u0131\u015fmanl\u0131k: Vardiyal\u0131 sistemlerden dijital d\u00f6n\u00fc\u015f\u00fcme, her ad\u0131mda yan\u0131n\u0131zday\u0131z. Bu f\u0131rsat\u0131 ka\u00e7\u0131rmay\u0131n \u2013 verimlili\u011finizi hemen y\u00fckseltin!&#8221;<\/p>    <\/div>\n<\/div>\n<!-- \/module text -->        <\/div>\n                    <div  data-lazy=\"1\" class=\"module_column tb-column col3-1 tb_l1v1191 last\">\n                    <!-- module image -->\n<div  class=\"module module-image tb_gmb0191 image-top   auto_fullwidth tf_mw\" data-lazy=\"1\">\n        <div class=\"image-wrap tf_rel tf_mw\">\n            <img loading=\"lazy\" decoding=\"async\" src=\"https:\/\/imposing.com.tr\/wp-content\/uploads\/2025\/10\/WhatsApp-Image-2025-10-20-at-11.04.33-5-646x646.jpeg\" width=\"646\" height=\"646\" class=\"wp-post-image wp-image-163\" title=\"WhatsApp Image 2025-10-20 at 11.04.33 (5)\" alt=\"WhatsApp Image 2025-10-20 at 11.04.33 (5)\" srcset=\"https:\/\/imposing.com.tr\/wp-content\/uploads\/2025\/10\/WhatsApp-Image-2025-10-20-at-11.04.33-5-646x646.jpeg 646w, https:\/\/imposing.com.tr\/wp-content\/uploads\/2025\/10\/WhatsApp-Image-2025-10-20-at-11.04.33-5-300x300.jpeg 300w, https:\/\/imposing.com.tr\/wp-content\/uploads\/2025\/10\/WhatsApp-Image-2025-10-20-at-11.04.33-5-150x150.jpeg 150w, https:\/\/imposing.com.tr\/wp-content\/uploads\/2025\/10\/WhatsApp-Image-2025-10-20-at-11.04.33-5-83x83.jpeg 83w, https:\/\/imposing.com.tr\/wp-content\/uploads\/2025\/10\/WhatsApp-Image-2025-10-20-at-11.04.33-5-59x59.jpeg 59w, https:\/\/imposing.com.tr\/wp-content\/uploads\/2025\/10\/WhatsApp-Image-2025-10-20-at-11.04.33-5-60x60.jpeg 60w, https:\/\/imposing.com.tr\/wp-content\/uploads\/2025\/10\/WhatsApp-Image-2025-10-20-at-11.04.33-5.jpeg 742w\" sizes=\"auto, (max-width: 646px) 100vw, 646px\" \/>    \n        <\/div>\n    <!-- \/image-wrap -->\n    \n        <\/div>\n<!-- \/module image -->        <\/div>\n                        <\/div>\n        <\/div>\n        <\/div>\n<!--\/themify_builder_content-->","protected":false},"excerpt":{"rendered":"<p>Bordro \u00c7\u00f6z\u00fcmleri \u00a0 \u00a0 \u00a0 \u00a0 &#8220;\u015eirketinizin bordro s\u00fcre\u00e7lerini hatas\u0131z, yasal uyumlu ve verimli hale getirmek i\u00e7in uzman dan\u0131\u015fmanl\u0131k hizmetlerimizle yan\u0131n\u0131zday\u0131z. \u00dccret politikalar\u0131n\u0131n olu\u015fturulmas\u0131ndan bordro sistemlerinin kurulmas\u0131na, SGK ve vergi mevzuat\u0131na uygunluk denetimlerine kadar t\u00fcm a\u015famalarda destek veriyoruz. Vardiyal\u0131 \u00e7al\u0131\u015fma sistemlerinde bordro hesaplamalar\u0131, fazla mesai y\u00f6netimi, te\u015fvik ve destek uygulamalar\u0131, &hellip; <\/p>\n","protected":false},"author":1,"featured_media":0,"parent":0,"menu_order":0,"comment_status":"closed","ping_status":"closed","template":"template-home.php","meta":{"footnotes":""},"class_list":["post-294","page","type-page","status-publish","hentry"],"builder_content":"<h1>Bordro \u00c7\u00f6z\u00fcmleri<\/h1>\n<p>\u00a0 \u00a0 \u00a0 \u00a0 \"\u015eirketinizin bordro s\u00fcre\u00e7lerini hatas\u0131z, yasal uyumlu ve verimli hale getirmek i\u00e7in uzman dan\u0131\u015fmanl\u0131k hizmetlerimizle yan\u0131n\u0131zday\u0131z. \u00dccret politikalar\u0131n\u0131n olu\u015fturulmas\u0131ndan bordro sistemlerinin kurulmas\u0131na, SGK ve vergi mevzuat\u0131na uygunluk denetimlerine kadar t\u00fcm a\u015famalarda destek veriyoruz. Vardiyal\u0131 \u00e7al\u0131\u015fma sistemlerinde bordro hesaplamalar\u0131, fazla mesai y\u00f6netimi, te\u015fvik ve destek uygulamalar\u0131, sendikal yap\u0131lar ile toplu s\u00f6zle\u015fme s\u00fcre\u00e7lerini mevzuata tam uyumlu \u015fekilde y\u00f6netiyoruz. Dijital bordro sistemlerine ge\u00e7i\u015f ve entegrasyon dan\u0131\u015fmanl\u0131\u011f\u0131yla operasyonel verimlili\u011fi art\u0131r\u0131yor, manuel hatalar\u0131 minimize ediyoruz. \u00dcretim, g\u0131da ve turizm sekt\u00f6rlerindeki karma\u015f\u0131k bordro ihtiya\u00e7lar\u0131n\u0131 ele alarak, denetimlere haz\u0131r \u015feffaf bir altyap\u0131 olu\u015fturuyoruz. Ara\u015ft\u0131rmalar, bordro outsourcing'in hatalar\u0131 %31 azaltt\u0131\u011f\u0131n\u0131 ve maliyetleri \u00f6nemli \u00f6l\u00e7\u00fcde d\u00fc\u015f\u00fcrd\u00fc\u011f\u00fcn\u00fc g\u00f6steriyor. Bir turizm m\u00fc\u015fterimizde uygulad\u0131\u011f\u0131m\u0131z dijital ge\u00e7i\u015fle, bordro i\u015flem s\u00fcresi %50 k\u0131salm\u0131\u015f ve yasal cezalar tamamen ortadan kalkm\u0131\u015ft\u0131r. Bu hizmetlerimizle zaman\u0131n\u0131z\u0131 ve kaynaklar\u0131n\u0131z\u0131 bo\u015fa harcamadan, yasal riskleri ortadan kald\u0131r\u0131yoruz. G\u00fcvenilir bordro y\u00f6netimi sayesinde, \u00e7al\u0131\u015fan memnuniyetini art\u0131r\u0131rken \u015firketinizin mali yap\u0131s\u0131n\u0131 g\u00fc\u00e7lendiriyoruz. Bordro s\u00fcre\u00e7lerinde g\u00fcvenilir dan\u0131\u015fmanl\u0131k: Vardiyal\u0131 sistemlerden dijital d\u00f6n\u00fc\u015f\u00fcme, her ad\u0131mda yan\u0131n\u0131zday\u0131z. Bu f\u0131rsat\u0131 ka\u00e7\u0131rmay\u0131n \u2013 verimlili\u011finizi hemen y\u00fckseltin!\"<\/p>\n<img src=\"https:\/\/imposing.com.tr\/wp-content\/uploads\/2025\/10\/WhatsApp-Image-2025-10-20-at-11.04.33-5-646x646.jpeg\" width=\"646\" height=\"646\" title=\"WhatsApp Image 2025-10-20 at 11.04.33 (5)\" alt=\"WhatsApp Image 2025-10-20 at 11.04.33 (5)\" srcset=\"https:\/\/imposing.com.tr\/wp-content\/uploads\/2025\/10\/WhatsApp-Image-2025-10-20-at-11.04.33-5-646x646.jpeg 646w, https:\/\/imposing.com.tr\/wp-content\/uploads\/2025\/10\/WhatsApp-Image-2025-10-20-at-11.04.33-5-300x300.jpeg 300w, https:\/\/imposing.com.tr\/wp-content\/uploads\/2025\/10\/WhatsApp-Image-2025-10-20-at-11.04.33-5-150x150.jpeg 150w, https:\/\/imposing.com.tr\/wp-content\/uploads\/2025\/10\/WhatsApp-Image-2025-10-20-at-11.04.33-5-83x83.jpeg 83w, https:\/\/imposing.com.tr\/wp-content\/uploads\/2025\/10\/WhatsApp-Image-2025-10-20-at-11.04.33-5-59x59.jpeg 59w, https:\/\/imposing.com.tr\/wp-content\/uploads\/2025\/10\/WhatsApp-Image-2025-10-20-at-11.04.33-5-60x60.jpeg 60w, https:\/\/imposing.com.tr\/wp-content\/uploads\/2025\/10\/WhatsApp-Image-2025-10-20-at-11.04.33-5.jpeg 742w\" sizes=\"(max-width: 646px) 100vw, 646px\" \/>","_links":{"self":[{"href":"https:\/\/imposing.com.tr\/index.php\/wp-json\/wp\/v2\/pages\/294","targetHints":{"allow":["GET"]}}],"collection":[{"href":"https:\/\/imposing.com.tr\/index.php\/wp-json\/wp\/v2\/pages"}],"about":[{"href":"https:\/\/imposing.com.tr\/index.php\/wp-json\/wp\/v2\/types\/page"}],"author":[{"embeddable":true,"href":"https:\/\/imposing.com.tr\/index.php\/wp-json\/wp\/v2\/users\/1"}],"replies":[{"embeddable":true,"href":"https:\/\/imposing.com.tr\/index.php\/wp-json\/wp\/v2\/comments?post=294"}],"version-history":[{"count":12,"href":"https:\/\/imposing.com.tr\/index.php\/wp-json\/wp\/v2\/pages\/294\/revisions"}],"predecessor-version":[{"id":307,"href":"https:\/\/imposing.com.tr\/index.php\/wp-json\/wp\/v2\/pages\/294\/revisions\/307"}],"wp:attachment":[{"href":"https:\/\/imposing.com.tr\/index.php\/wp-json\/wp\/v2\/media?parent=294"}],"curies":[{"name":"wp","href":"https:\/\/api.w.org\/{rel}","templated":true}]}}