{"id":311,"date":"2025-10-22T11:17:34","date_gmt":"2025-10-22T08:17:34","guid":{"rendered":"https:\/\/imposing.com.tr\/index.php\/hakkimizda\/"},"modified":"2025-11-05T08:30:43","modified_gmt":"2025-11-05T05:30:43","slug":"hakkimizda","status":"publish","type":"page","link":"https:\/\/imposing.com.tr\/index.php\/hakkimizda\/","title":{"rendered":"Hakk\u0131m\u0131zda"},"content":{"rendered":"<!--themify_builder_content-->\n<div id=\"themify_builder_content-311\" data-postid=\"311\" class=\"themify_builder_content themify_builder_content-311 themify_builder tf_clear\">\n                    <div  data-lazy=\"1\" class=\"module_row themify_builder_row tb_y68i159 tb_first tf_w\">\n                        <div class=\"row_inner col_align_top tb_col_count_1 tf_box tf_rel\">\n                        <div  data-lazy=\"1\" class=\"module_column tb-column col-full tb_zlqr163 first\">\n                    <!-- module fancy heading -->\n<div  class=\"module module-fancy-heading tb_xald163  wow\" data-tf-animation=\"fadeIn\" data-lazy=\"1\">\n        <h2 class=\"fancy-heading tf_textc\">\n    <span class=\"main-head tf_block\">\n                    HAKKIMIZDA            <\/span>\n\n    \n    <span class=\"sub-head tf_block tf_rel\">\n                                <\/span>\n    <\/h2>\n<\/div>\n<!-- \/module fancy heading -->\n<!-- module text -->\n<div  class=\"module module-text tb_mafe164    wow\" data-tf-animation=\"fadeInUp\" data-tf-animation_delay=\".3\" data-lazy=\"1\">\n        <div  class=\"tb_text_wrap\">\n        <p>\u0130nsan kaynaklar\u0131 alan\u0131nda stratejik bir g\u00fc\u00e7 olmay\u0131 hedefleyen 2025&#8217;nda kurulan iMPOSiNG \u0130nsan Kaynaklar\u0131, \u015firketlerin b\u00fcy\u00fcme yolculu\u011funda insan\u0131 merkeze alan \u00e7\u00f6z\u00fcmler \u00fcretmektedir. <br>Markan\u0131n de\u011fil, akl\u0131n imzas\u0131 olma felsefesiyle yola \u00e7\u0131karak, her i\u015fletmenin \u00f6zel dinamiklerine uygun, ki\u015fiye \u00f6zel insan kaynaklar\u0131 hizmetleri sunuyoruz.<br>\u00c7al\u0131\u015fan verimlili\u011fi ve memnuniyetini art\u0131r\u0131rken, yasal uyumlulu\u011fu garanti ediyor ve insan kaynaklar\u0131n\u0131 sadece bir destek birimi de\u011fil, bir \u015firketin kalbi ve stratejik g\u00fcc\u00fc olarak konumland\u0131r\u0131yoruz. <br>Kurumlar\u0131n insan sermayesini en verimli \u015fekilde de\u011ferlendirmelerine yard\u0131mc\u0131 oluyor, uzun vadeli hedeflerine ula\u015fmalar\u0131n\u0131 destekliyoruz.<\/p>    <\/div>\n<\/div>\n<!-- \/module text -->        <\/div>\n                        <\/div>\n        <\/div>\n                        <div  data-parallax-bg=\"desktop\" data-css_id=\"wl2f159\" data-lazy=\"1\" class=\"module_row themify_builder_row fullwidth tb_wl2f159 tf_w\">\n                        <div class=\"row_inner col_align_top tb_col_count_1 tf_box tf_rel\">\n                        <div  data-lazy=\"1\" class=\"module_column tb-column col-full tb_l3bp161 first\">\n                            <\/div>\n                        <\/div>\n        <\/div>\n                        <div  data-lazy=\"1\" class=\"module_row themify_builder_row tb_5sdp159 tf_w\">\n                        <div class=\"row_inner col_align_top tb_col_count_1 tf_box tf_rel\">\n                        <div  data-lazy=\"1\" class=\"module_column tb-column col-full tb_dzel165 first\">\n                            <div  data-lazy=\"1\" class=\"module_subrow themify_builder_sub_row tf_w col_align_middle tb_col_count_2 tb_tdo6165\">\n                <div  data-lazy=\"1\" class=\"module_column sub_column tb_7j40165 first\">\n                    <!-- module image -->\n<div  class=\"module module-image tb_gsxx166 image-center rounded bordered  auto_fullwidth tf_mw\" data-lazy=\"1\">\n        <div class=\"image-wrap tf_rel tf_mw\">\n            <img loading=\"lazy\" decoding=\"async\" src=\"https:\/\/imposing.com.tr\/wp-content\/uploads\/2025\/10\/1000_F_1585280901_HgiSgBUxwIXMmKzSmkrXJWZmYTuUzbCa-1-537x318.jpg\" width=\"537\" height=\"318\" class=\"wp-post-image wp-image-593\" title=\"1000_F_1585280901_HgiSgBUxwIXMmKzSmkrXJWZmYTuUzbCa\" alt=\"1000_F_1585280901_HgiSgBUxwIXMmKzSmkrXJWZmYTuUzbCa\">    \n        <\/div>\n    <!-- \/image-wrap -->\n    \n        <\/div>\n<!-- \/module image -->        <\/div>\n                    <div  data-lazy=\"1\" class=\"module_column sub_column tb_dgl7166 last\">\n                    <!-- module text -->\n<div  class=\"module module-text tb_shiz166    wow\" data-tf-animation=\"fadeInRight\" data-lazy=\"1\">\n        <div  class=\"tb_text_wrap\">\n        <h2><strong>Vizyonumuz<\/strong><\/h2>\n<h3><strong>\u0130nsan kaynaklar\u0131n\u0131 stratejik ba\u015far\u0131 orta\u011f\u0131na d\u00f6n\u00fc\u015ft\u00fcrerek her b\u00fcy\u00fcme hikayesinin merkezine insan\u0131 yerle\u015ftirmek.<\/strong><\/h3>    <\/div>\n<\/div>\n<!-- \/module text -->        <\/div>\n                    <\/div>\n                <div  data-lazy=\"1\" class=\"module_subrow themify_builder_sub_row tf_w col_align_middle tb_col_count_2 tb_ugou167\">\n                <div  data-lazy=\"1\" class=\"module_column sub_column tb_3oup168 first\">\n                    <!-- module text -->\n<div  class=\"module module-text tb_jfny169    wow\" data-tf-animation=\"fadeInLeft\" data-lazy=\"1\">\n        <div  class=\"tb_text_wrap\">\n        <h2><strong>Misyonumuz<\/strong><\/h2>\n<h3><strong>\u00c7al\u0131\u015fan verimlili\u011fi ve memnuniyetini art\u0131ran, yasal uyumlulu\u011fu garanti eden, i\u015fletmelere \u00f6zel \u00e7\u00f6z\u00fcmler sunmak.<\/strong><\/h3>    <\/div>\n<\/div>\n<!-- \/module text -->        <\/div>\n                    <div  data-lazy=\"1\" class=\"module_column sub_column tb_vavl167 last\">\n                    <!-- module image -->\n<div  class=\"module module-image tb_wwu6167 image-center rounded  auto_fullwidth tf_mw\" data-lazy=\"1\" data-lax-translate-y=\"(vh*1) 0,(vh*0) -70\" data-lax=\"true\">\n        <div class=\"image-wrap tf_rel tf_mw\">\n            <img loading=\"lazy\" decoding=\"async\" width=\"516\" height=\"195\" src=\"https:\/\/imposing.com.tr\/wp-content\/uploads\/2025\/10\/yazili-logo-1.png\" class=\"wp-post-image wp-image-522\" title=\"yaz\u0131l\u0131 logo\" alt=\"yaz\u0131l\u0131 logo\" srcset=\"https:\/\/imposing.com.tr\/wp-content\/uploads\/2025\/10\/yazili-logo-1.png 516w, https:\/\/imposing.com.tr\/wp-content\/uploads\/2025\/10\/yazili-logo-1-300x113.png 300w\" sizes=\"auto, (max-width: 516px) 100vw, 516px\" \/>    \n        <\/div>\n    <!-- \/image-wrap -->\n    \n        <\/div>\n<!-- \/module image -->        <\/div>\n                    <\/div>\n                <\/div>\n                        <\/div>\n        <\/div>\n                        <div  data-css_id=\"vumc429\" data-lazy=\"1\" class=\"module_row themify_builder_row fullwidth_row_container tb_vumc429 tf_w\">\n                        <div class=\"row_inner col_align_top gutter-none tb_col_count_4 tf_box tf_rel\">\n                        <div  data-lazy=\"1\" class=\"module_column tb-column col4-1 tb_23by430 first\">\n                    <!-- module feature -->\n<div  class=\"module module-feature tb_i8ud430 no-chart layout-icon-left size-custom \" data-layout-mobile=\"icon-top\" data-layout-desktop=\"icon-left\" data-lazy=\"1\">\n        <div class=\"module-feature-image tf_textc tf_rel\">\n                            <span class=\"module-feature-chart-html5 tf_box tf_rel tf_inline_b\" style=\"width:50px;height:50px;\">\n                                <span class=\"chart-html5-circle tf_w tf_h\">\n                                            <em class=\"module-feature-icon tf_rel\" style=\"color:#ffffff\"><svg  class=\"tf_fa tf-ti-home\" aria-hidden=\"true\"><use href=\"#tf-ti-home\"><\/use><\/svg><\/em>\n                                    <\/span>\n\n                \n            <\/span>\n                <\/div>\n    <div class=\"module-feature-content tf_textc\">\n                    <h3 class=\"module-feature-title\">\n                            Adres                        <\/h3>\n                    <div class=\"tb_text_wrap\">\n            <p>Alpkent Mah. 1033 SK. No:39\/3<br>Torbal\u0131 \/\u0130zmi<\/p>        <\/div>\n    <\/div>\n<\/div>\n<!-- \/module feature -->\n        <\/div>\n                    <div  data-lazy=\"1\" class=\"module_column tb-column col4-1 tb_jxuo430\">\n                    <!-- module feature -->\n<div  class=\"module module-feature tb_tf2r430 no-chart layout-icon-left size-custom \" data-layout-mobile=\"icon-top\" data-layout-desktop=\"icon-left\" data-lazy=\"1\">\n        <div class=\"module-feature-image tf_textc tf_rel\">\n                            <span class=\"module-feature-chart-html5 tf_box tf_rel tf_inline_b\" style=\"width:50px;height:50px;\">\n                                <span class=\"chart-html5-circle tf_w tf_h\">\n                                            <em class=\"module-feature-icon tf_rel\" style=\"color:#ffffff\"><svg  class=\"tf_fa tf-ti-email\" aria-hidden=\"true\"><use href=\"#tf-ti-email\"><\/use><\/svg><\/em>\n                                    <\/span>\n\n                \n            <\/span>\n                <\/div>\n    <div class=\"module-feature-content tf_textc\">\n                    <h3 class=\"module-feature-title\">\n                            E-Posta                        <\/h3>\n                    <div class=\"tb_text_wrap\">\n            <p><a href=\"mailto:info@imposing.com.tr\" style=\"color: white\">info@imposing.com.tr<\/a><\/p>\n        <\/div>\n    <\/div>\n<\/div>\n<!-- \/module feature -->\n        <\/div>\n                    <div  data-lazy=\"1\" class=\"module_column tb-column col4-1 tb_ykcu430\">\n                    <!-- module feature -->\n<div  class=\"module module-feature tb_hti2430 no-chart layout-icon-left size-custom \" data-layout-mobile=\"icon-top\" data-layout-desktop=\"icon-left\" data-lazy=\"1\">\n        <div class=\"module-feature-image tf_textc tf_rel\">\n                            <span class=\"module-feature-chart-html5 tf_box tf_rel tf_inline_b\" style=\"width:50px;height:50px;\">\n                                <span class=\"chart-html5-circle tf_w tf_h\">\n                                            <em class=\"module-feature-icon tf_rel\" style=\"color:#ffffff\"><svg  class=\"tf_fa tf-ti-mobile\" aria-hidden=\"true\"><use href=\"#tf-ti-mobile\"><\/use><\/svg><\/em>\n                                    <\/span>\n\n                \n            <\/span>\n                <\/div>\n    <div class=\"module-feature-content tf_textc\">\n                    <h3 class=\"module-feature-title\">\n                            Telefon                        <\/h3>\n                    <div class=\"tb_text_wrap\">\n            <p><a style=\"color: white\" href=\"tel:+905336799512\">+905336799512<\/a><\/p>\n        <\/div>\n    <\/div>\n<\/div>\n<!-- \/module feature -->\n        <\/div>\n                    <div  data-lazy=\"1\" class=\"module_column tb-column col4-1 tb_kd5y430 last\">\n                    <!-- module feature -->\n<div  class=\"module module-feature tb_x1b1430 no-chart layout-icon-left size-custom \" data-layout-mobile=\"icon-top\" data-layout-desktop=\"icon-left\" data-lazy=\"1\">\n        <div class=\"module-feature-image tf_textc tf_rel\">\n                            <span class=\"module-feature-chart-html5 tf_box tf_rel tf_inline_b\" style=\"width:50px;height:50px;\">\n                                <span class=\"chart-html5-circle tf_w tf_h\">\n                                            <em class=\"module-feature-icon tf_rel\" style=\"color:#ffffff\"><svg  class=\"tf_fa tf-ti-time\" aria-hidden=\"true\"><use href=\"#tf-ti-time\"><\/use><\/svg><\/em>\n                                    <\/span>\n\n                \n            <\/span>\n                <\/div>\n    <div class=\"module-feature-content tf_textc\">\n                    <h3 class=\"module-feature-title\">\n                            \u00c7al\u0131\u015fma Saatleri                        <\/h3>\n                    <div class=\"tb_text_wrap\">\n            <p>Pzt-Cuma<br>09:00\u2006\u2013\u200618:00 <br>(Pazar Kapal\u0131)<\/p>        <\/div>\n    <\/div>\n<\/div>\n<!-- \/module feature -->\n        <\/div>\n                        <\/div>\n        <\/div>\n        <\/div>\n<!--\/themify_builder_content-->","protected":false},"excerpt":{"rendered":"<p>\u0130nsan kaynaklar\u0131 alan\u0131nda stratejik bir g\u00fc\u00e7 olmay\u0131 hedefleyen 2025&#8217;nda kurulan iMPOSiNG \u0130nsan Kaynaklar\u0131, \u015firketlerin b\u00fcy\u00fcme yolculu\u011funda insan\u0131 merkeze alan \u00e7\u00f6z\u00fcmler \u00fcretmektedir. Markan\u0131n de\u011fil, akl\u0131n imzas\u0131 olma felsefesiyle yola \u00e7\u0131karak, her i\u015fletmenin \u00f6zel dinamiklerine uygun, ki\u015fiye \u00f6zel insan kaynaklar\u0131 hizmetleri sunuyoruz.\u00c7al\u0131\u015fan verimlili\u011fi ve memnuniyetini art\u0131r\u0131rken, yasal uyumlulu\u011fu garanti ediyor ve insan &hellip; <\/p>\n","protected":false},"author":1,"featured_media":0,"parent":0,"menu_order":0,"comment_status":"closed","ping_status":"closed","template":"template-home.php","meta":{"footnotes":""},"class_list":["post-311","page","type-page","status-publish","hentry"],"builder_content":"<h2>HAKKIMIZDA<br\/><\/h2>\n<p>\u0130nsan kaynaklar\u0131 alan\u0131nda stratejik bir g\u00fc\u00e7 olmay\u0131 hedefleyen 2025'nda kurulan iMPOSiNG \u0130nsan Kaynaklar\u0131, \u015firketlerin b\u00fcy\u00fcme yolculu\u011funda insan\u0131 merkeze alan \u00e7\u00f6z\u00fcmler \u00fcretmektedir. <br>Markan\u0131n de\u011fil, akl\u0131n imzas\u0131 olma felsefesiyle yola \u00e7\u0131karak, her i\u015fletmenin \u00f6zel dinamiklerine uygun, ki\u015fiye \u00f6zel insan kaynaklar\u0131 hizmetleri sunuyoruz.<br>\u00c7al\u0131\u015fan verimlili\u011fi ve memnuniyetini art\u0131r\u0131rken, yasal uyumlulu\u011fu garanti ediyor ve insan kaynaklar\u0131n\u0131 sadece bir destek birimi de\u011fil, bir \u015firketin kalbi ve stratejik g\u00fcc\u00fc olarak konumland\u0131r\u0131yoruz. <br>Kurumlar\u0131n insan sermayesini en verimli \u015fekilde de\u011ferlendirmelerine yard\u0131mc\u0131 oluyor, uzun vadeli hedeflerine ula\u015fmalar\u0131n\u0131 destekliyoruz.<\/p>\n<img src=\"https:\/\/imposing.com.tr\/wp-content\/uploads\/2025\/10\/1000_F_1585280901_HgiSgBUxwIXMmKzSmkrXJWZmYTuUzbCa-1-537x318.jpg\" width=\"537\" height=\"318\" title=\"1000_F_1585280901_HgiSgBUxwIXMmKzSmkrXJWZmYTuUzbCa\" alt=\"1000_F_1585280901_HgiSgBUxwIXMmKzSmkrXJWZmYTuUzbCa\">\n<h2><strong>Vizyonumuz<\/strong><\/h2> <h3><strong>\u0130nsan kaynaklar\u0131n\u0131 stratejik ba\u015far\u0131 orta\u011f\u0131na d\u00f6n\u00fc\u015ft\u00fcrerek her b\u00fcy\u00fcme hikayesinin merkezine insan\u0131 yerle\u015ftirmek.<\/strong><\/h3>\n<h2><strong>Misyonumuz<\/strong><\/h2> <h3><strong>\u00c7al\u0131\u015fan verimlili\u011fi ve memnuniyetini art\u0131ran, yasal uyumlulu\u011fu garanti eden, i\u015fletmelere \u00f6zel \u00e7\u00f6z\u00fcmler sunmak.<\/strong><\/h3>\n<img src=\"https:\/\/imposing.com.tr\/wp-content\/uploads\/2025\/10\/yazili-logo-1.png\" title=\"yaz\u0131l\u0131 logo\" alt=\"yaz\u0131l\u0131 logo\" srcset=\"https:\/\/imposing.com.tr\/wp-content\/uploads\/2025\/10\/yazili-logo-1.png 516w, https:\/\/imposing.com.tr\/wp-content\/uploads\/2025\/10\/yazili-logo-1-300x113.png 300w\" sizes=\"(max-width: 516px) 100vw, 516px\" \/>\n<em style=\"color:#ffffff\"><svg aria-hidden=\"true\"><use href=\"#tf-ti-home\"><\/use><\/svg><\/em> \n <h3> Adres <\/h3> <p>Alpkent Mah. 1033 SK. No:39\/3<br>Torbal\u0131 \/\u0130zmi<\/p>\n<em style=\"color:#ffffff\"><svg aria-hidden=\"true\"><use href=\"#tf-ti-email\"><\/use><\/svg><\/em> \n <h3> E-Posta <\/h3> <p><a href=\"mailto:info@imposing.com.tr\" style=\"color: white\">info@imposing.com.tr<\/a><\/p>\n<em style=\"color:#ffffff\"><svg aria-hidden=\"true\"><use href=\"#tf-ti-mobile\"><\/use><\/svg><\/em> \n <h3> Telefon <\/h3> <p><a style=\"color: white\" href=\"tel:+905336799512\">+905336799512<\/a><\/p>\n<em style=\"color:#ffffff\"><svg aria-hidden=\"true\"><use href=\"#tf-ti-time\"><\/use><\/svg><\/em> \n <h3> \u00c7al\u0131\u015fma Saatleri <\/h3> <p>Pzt-Cuma<br>09:00\u2006\u2013\u200618:00 <br>(Pazar Kapal\u0131)<\/p>","_links":{"self":[{"href":"https:\/\/imposing.com.tr\/index.php\/wp-json\/wp\/v2\/pages\/311","targetHints":{"allow":["GET"]}}],"collection":[{"href":"https:\/\/imposing.com.tr\/index.php\/wp-json\/wp\/v2\/pages"}],"about":[{"href":"https:\/\/imposing.com.tr\/index.php\/wp-json\/wp\/v2\/types\/page"}],"author":[{"embeddable":true,"href":"https:\/\/imposing.com.tr\/index.php\/wp-json\/wp\/v2\/users\/1"}],"replies":[{"embeddable":true,"href":"https:\/\/imposing.com.tr\/index.php\/wp-json\/wp\/v2\/comments?post=311"}],"version-history":[{"count":58,"href":"https:\/\/imposing.com.tr\/index.php\/wp-json\/wp\/v2\/pages\/311\/revisions"}],"predecessor-version":[{"id":735,"href":"https:\/\/imposing.com.tr\/index.php\/wp-json\/wp\/v2\/pages\/311\/revisions\/735"}],"wp:attachment":[{"href":"https:\/\/imposing.com.tr\/index.php\/wp-json\/wp\/v2\/media?parent=311"}],"curies":[{"name":"wp","href":"https:\/\/api.w.org\/{rel}","templated":true}]}}