{"id":340,"date":"2025-10-24T10:45:12","date_gmt":"2025-10-24T07:45:12","guid":{"rendered":"https:\/\/imposing.com.tr\/index.php\/bordro-copy\/"},"modified":"2025-10-24T10:48:51","modified_gmt":"2025-10-24T07:48:51","slug":"izin","status":"publish","type":"page","link":"https:\/\/imposing.com.tr\/index.php\/izin\/","title":{"rendered":"izin"},"content":{"rendered":"<!--themify_builder_content-->\n<div id=\"themify_builder_content-340\" data-postid=\"340\" class=\"themify_builder_content themify_builder_content-340 themify_builder tf_clear\">\n                    <div  data-css_id=\"oz65506\" data-lazy=\"1\" class=\"module_row themify_builder_row fullwidth tb_oz65506 tb_first tf_w\">\n                        <div class=\"row_inner col_align_middle gutter-none tb_col_count_2 tf_box tf_rel\">\n                        <div  data-lazy=\"1\" class=\"module_column tb-column col3-2 tb_j9s7506 first\">\n                    <!-- module text -->\n<div  class=\"module module-text tb_f4n1906   \" data-lazy=\"1\">\n        <div  class=\"tb_text_wrap\">\n        <h1>Yabanc\u0131 \u00c7al\u0131\u015fma \u0130zni<\/h1>    <\/div>\n<\/div>\n<!-- \/module text --><!-- module text -->\n<div  class=\"module module-text tb_mtuh593   \" data-lazy=\"1\">\n        <div  class=\"tb_text_wrap\">\n        <p>&#8220;Yabanc\u0131 personel istihdam\u0131n\u0131z\u0131 sorunsuz ve yasal bir \u015fekilde y\u00f6netmek i\u00e7in u\u00e7tan uca dan\u0131\u015fmanl\u0131k hizmetleri sunuyoruz. Turizm, tar\u0131m, g\u0131da, sanayi gibi sekt\u00f6rlerde mevsimlik i\u015f\u00e7ilerden teknik uzmanlar, m\u00fchendisler ve y\u00f6netici pozisyonlar\u0131na kadar geni\u015f bir yelpazede destek veriyoruz. S\u00fcre\u00e7lerimiz ihtiya\u00e7 analizi ve pozisyon belirleme ile ba\u015fl\u0131yor; gerekli belgelerin haz\u0131rlanmas\u0131, \u00e7al\u0131\u015fma izni ba\u015fvurusunun yap\u0131lmas\u0131, resmi kurumlarla ileti\u015fim ve s\u00fcre\u00e7 takibiyle devam ediyor. Onay ve izin belgesi teslimi sonras\u0131nda s\u00fcre uzatma ile yenileme dan\u0131\u015fmanl\u0131\u011f\u0131n\u0131 da \u00fcstleniyoruz. Stratejik yakla\u015f\u0131m\u0131m\u0131zla, yasal y\u00fck\u00fcml\u00fcl\u00fckleri kolayla\u015ft\u0131r\u0131yor ve i\u015fletmenizin global vizyonunu destekliyoruz. \u0130statistikler, yabanc\u0131 i\u015f\u00e7ilerin milyonlarca yerel i\u015fi destekledi\u011fini ve \u015firketlerin %70&#8217;inin yabanc\u0131 personel i\u00e7in kal\u0131c\u0131 residency sponsorlu\u011fu yapt\u0131\u011f\u0131n\u0131 g\u00f6steriyor. Bir sanayi m\u00fc\u015fterimizde y\u00f6netti\u011fimiz izin s\u00fcre\u00e7leriyle, ekip \u00e7e\u015fitlili\u011fi %30 artm\u0131\u015f ve inovasyon kapasitesi g\u00f6zle g\u00f6r\u00fcl\u00fcr \u015fekilde y\u00fckselmi\u015ftir. Bu sayede, yabanc\u0131 \u00e7al\u0131\u015fanlar\u0131n T\u00fcrkiye\u2019de etkin istihdam\u0131n\u0131 sa\u011fl\u0131yor, k\u00fclt\u00fcrel \u00e7e\u015fitlili\u011fi \u015firketinizin g\u00fcc\u00fcne d\u00f6n\u00fc\u015ft\u00fcr\u00fcyoruz. \u0130\u015finize odaklan\u0131n, izinleri bize b\u0131rak\u0131n: Ba\u015fvurudan takip ve yenilemeye, her a\u015famada profesyonel destek. Global ba\u015far\u0131n\u0131z\u0131 g\u00fcvence alt\u0131na al\u0131n \u2013 hemen dan\u0131\u015fmanl\u0131k al\u0131n!&#8221;<\/p>    <\/div>\n<\/div>\n<!-- \/module text -->        <\/div>\n                    <div  data-lazy=\"1\" class=\"module_column tb-column col3-1 tb_zwbu355 last\">\n                    <!-- module image -->\n<div  class=\"module module-image tb_zncu964 image-top   auto_fullwidth tf_mw\" data-lazy=\"1\">\n        <div class=\"image-wrap tf_rel tf_mw\">\n            <img loading=\"lazy\" decoding=\"async\" src=\"https:\/\/imposing.com.tr\/wp-content\/uploads\/2025\/10\/WhatsApp-Image-2025-10-20-at-11.04.33-5-646x646.jpeg\" width=\"646\" height=\"646\" class=\"wp-post-image wp-image-163\" title=\"WhatsApp Image 2025-10-20 at 11.04.33 (5)\" alt=\"WhatsApp Image 2025-10-20 at 11.04.33 (5)\" srcset=\"https:\/\/imposing.com.tr\/wp-content\/uploads\/2025\/10\/WhatsApp-Image-2025-10-20-at-11.04.33-5-646x646.jpeg 646w, https:\/\/imposing.com.tr\/wp-content\/uploads\/2025\/10\/WhatsApp-Image-2025-10-20-at-11.04.33-5-300x300.jpeg 300w, https:\/\/imposing.com.tr\/wp-content\/uploads\/2025\/10\/WhatsApp-Image-2025-10-20-at-11.04.33-5-150x150.jpeg 150w, https:\/\/imposing.com.tr\/wp-content\/uploads\/2025\/10\/WhatsApp-Image-2025-10-20-at-11.04.33-5-83x83.jpeg 83w, https:\/\/imposing.com.tr\/wp-content\/uploads\/2025\/10\/WhatsApp-Image-2025-10-20-at-11.04.33-5-59x59.jpeg 59w, https:\/\/imposing.com.tr\/wp-content\/uploads\/2025\/10\/WhatsApp-Image-2025-10-20-at-11.04.33-5-60x60.jpeg 60w, https:\/\/imposing.com.tr\/wp-content\/uploads\/2025\/10\/WhatsApp-Image-2025-10-20-at-11.04.33-5.jpeg 742w\" sizes=\"auto, (max-width: 646px) 100vw, 646px\" \/>    \n        <\/div>\n    <!-- \/image-wrap -->\n    \n        <\/div>\n<!-- \/module image -->        <\/div>\n                        <\/div>\n        <\/div>\n        <\/div>\n<!--\/themify_builder_content-->","protected":false},"excerpt":{"rendered":"<p>Yabanc\u0131 \u00c7al\u0131\u015fma \u0130zni &#8220;Yabanc\u0131 personel istihdam\u0131n\u0131z\u0131 sorunsuz ve yasal bir \u015fekilde y\u00f6netmek i\u00e7in u\u00e7tan uca dan\u0131\u015fmanl\u0131k hizmetleri sunuyoruz. Turizm, tar\u0131m, g\u0131da, sanayi gibi sekt\u00f6rlerde mevsimlik i\u015f\u00e7ilerden teknik uzmanlar, m\u00fchendisler ve y\u00f6netici pozisyonlar\u0131na kadar geni\u015f bir yelpazede destek veriyoruz. S\u00fcre\u00e7lerimiz ihtiya\u00e7 analizi ve pozisyon belirleme ile ba\u015fl\u0131yor; gerekli belgelerin haz\u0131rlanmas\u0131, \u00e7al\u0131\u015fma &hellip; <\/p>\n","protected":false},"author":1,"featured_media":0,"parent":0,"menu_order":0,"comment_status":"closed","ping_status":"closed","template":"template-home.php","meta":{"footnotes":""},"class_list":["post-340","page","type-page","status-publish","hentry"],"builder_content":"<h1>Yabanc\u0131 \u00c7al\u0131\u015fma \u0130zni<\/h1>\n<p>\"Yabanc\u0131 personel istihdam\u0131n\u0131z\u0131 sorunsuz ve yasal bir \u015fekilde y\u00f6netmek i\u00e7in u\u00e7tan uca dan\u0131\u015fmanl\u0131k hizmetleri sunuyoruz. Turizm, tar\u0131m, g\u0131da, sanayi gibi sekt\u00f6rlerde mevsimlik i\u015f\u00e7ilerden teknik uzmanlar, m\u00fchendisler ve y\u00f6netici pozisyonlar\u0131na kadar geni\u015f bir yelpazede destek veriyoruz. S\u00fcre\u00e7lerimiz ihtiya\u00e7 analizi ve pozisyon belirleme ile ba\u015fl\u0131yor; gerekli belgelerin haz\u0131rlanmas\u0131, \u00e7al\u0131\u015fma izni ba\u015fvurusunun yap\u0131lmas\u0131, resmi kurumlarla ileti\u015fim ve s\u00fcre\u00e7 takibiyle devam ediyor. Onay ve izin belgesi teslimi sonras\u0131nda s\u00fcre uzatma ile yenileme dan\u0131\u015fmanl\u0131\u011f\u0131n\u0131 da \u00fcstleniyoruz. Stratejik yakla\u015f\u0131m\u0131m\u0131zla, yasal y\u00fck\u00fcml\u00fcl\u00fckleri kolayla\u015ft\u0131r\u0131yor ve i\u015fletmenizin global vizyonunu destekliyoruz. \u0130statistikler, yabanc\u0131 i\u015f\u00e7ilerin milyonlarca yerel i\u015fi destekledi\u011fini ve \u015firketlerin %70'inin yabanc\u0131 personel i\u00e7in kal\u0131c\u0131 residency sponsorlu\u011fu yapt\u0131\u011f\u0131n\u0131 g\u00f6steriyor. Bir sanayi m\u00fc\u015fterimizde y\u00f6netti\u011fimiz izin s\u00fcre\u00e7leriyle, ekip \u00e7e\u015fitlili\u011fi %30 artm\u0131\u015f ve inovasyon kapasitesi g\u00f6zle g\u00f6r\u00fcl\u00fcr \u015fekilde y\u00fckselmi\u015ftir. Bu sayede, yabanc\u0131 \u00e7al\u0131\u015fanlar\u0131n T\u00fcrkiye\u2019de etkin istihdam\u0131n\u0131 sa\u011fl\u0131yor, k\u00fclt\u00fcrel \u00e7e\u015fitlili\u011fi \u015firketinizin g\u00fcc\u00fcne d\u00f6n\u00fc\u015ft\u00fcr\u00fcyoruz. \u0130\u015finize odaklan\u0131n, izinleri bize b\u0131rak\u0131n: Ba\u015fvurudan takip ve yenilemeye, her a\u015famada profesyonel destek. Global ba\u015far\u0131n\u0131z\u0131 g\u00fcvence alt\u0131na al\u0131n \u2013 hemen dan\u0131\u015fmanl\u0131k al\u0131n!\"<\/p>\n<img src=\"https:\/\/imposing.com.tr\/wp-content\/uploads\/2025\/10\/WhatsApp-Image-2025-10-20-at-11.04.33-5-646x646.jpeg\" width=\"646\" height=\"646\" title=\"WhatsApp Image 2025-10-20 at 11.04.33 (5)\" alt=\"WhatsApp Image 2025-10-20 at 11.04.33 (5)\" srcset=\"https:\/\/imposing.com.tr\/wp-content\/uploads\/2025\/10\/WhatsApp-Image-2025-10-20-at-11.04.33-5-646x646.jpeg 646w, https:\/\/imposing.com.tr\/wp-content\/uploads\/2025\/10\/WhatsApp-Image-2025-10-20-at-11.04.33-5-300x300.jpeg 300w, https:\/\/imposing.com.tr\/wp-content\/uploads\/2025\/10\/WhatsApp-Image-2025-10-20-at-11.04.33-5-150x150.jpeg 150w, https:\/\/imposing.com.tr\/wp-content\/uploads\/2025\/10\/WhatsApp-Image-2025-10-20-at-11.04.33-5-83x83.jpeg 83w, https:\/\/imposing.com.tr\/wp-content\/uploads\/2025\/10\/WhatsApp-Image-2025-10-20-at-11.04.33-5-59x59.jpeg 59w, https:\/\/imposing.com.tr\/wp-content\/uploads\/2025\/10\/WhatsApp-Image-2025-10-20-at-11.04.33-5-60x60.jpeg 60w, https:\/\/imposing.com.tr\/wp-content\/uploads\/2025\/10\/WhatsApp-Image-2025-10-20-at-11.04.33-5.jpeg 742w\" sizes=\"(max-width: 646px) 100vw, 646px\" \/>","_links":{"self":[{"href":"https:\/\/imposing.com.tr\/index.php\/wp-json\/wp\/v2\/pages\/340","targetHints":{"allow":["GET"]}}],"collection":[{"href":"https:\/\/imposing.com.tr\/index.php\/wp-json\/wp\/v2\/pages"}],"about":[{"href":"https:\/\/imposing.com.tr\/index.php\/wp-json\/wp\/v2\/types\/page"}],"author":[{"embeddable":true,"href":"https:\/\/imposing.com.tr\/index.php\/wp-json\/wp\/v2\/users\/1"}],"replies":[{"embeddable":true,"href":"https:\/\/imposing.com.tr\/index.php\/wp-json\/wp\/v2\/comments?post=340"}],"version-history":[{"count":8,"href":"https:\/\/imposing.com.tr\/index.php\/wp-json\/wp\/v2\/pages\/340\/revisions"}],"predecessor-version":[{"id":352,"href":"https:\/\/imposing.com.tr\/index.php\/wp-json\/wp\/v2\/pages\/340\/revisions\/352"}],"wp:attachment":[{"href":"https:\/\/imposing.com.tr\/index.php\/wp-json\/wp\/v2\/media?parent=340"}],"curies":[{"name":"wp","href":"https:\/\/api.w.org\/{rel}","templated":true}]}}