{"id":385,"date":"2025-10-24T11:03:05","date_gmt":"2025-10-24T08:03:05","guid":{"rendered":"https:\/\/imposing.com.tr\/index.php\/operasyonel-copy\/"},"modified":"2025-10-24T11:04:20","modified_gmt":"2025-10-24T08:04:20","slug":"is-saglik","status":"publish","type":"page","link":"https:\/\/imposing.com.tr\/index.php\/is-saglik\/","title":{"rendered":"is saglik"},"content":{"rendered":"<!--themify_builder_content-->\n<div id=\"themify_builder_content-385\" data-postid=\"385\" class=\"themify_builder_content themify_builder_content-385 themify_builder tf_clear\">\n                    <div  data-css_id=\"8g84009\" data-lazy=\"1\" class=\"module_row themify_builder_row fullwidth tb_8g84009 tb_first tf_w\">\n                        <div class=\"row_inner col_align_middle gutter-none tb_col_count_2 tf_box tf_rel\">\n                        <div  data-lazy=\"1\" class=\"module_column tb-column col3-2 tb_xpih801 first\">\n                    <!-- module text -->\n<div  class=\"module module-text tb_kcug828   \" data-lazy=\"1\">\n        <div  class=\"tb_text_wrap\">\n        <h1>\u0130\u015f Sa\u011fl\u0131\u011f\u0131 ve G\u00fcvenli\u011fi Hizmetleri<\/h1>    <\/div>\n<\/div>\n<!-- \/module text --><!-- module text -->\n<div  class=\"module module-text tb_ol6y408   \" data-lazy=\"1\">\n        <div  class=\"tb_text_wrap\">\n        <p>&#8220;\u00c7al\u0131\u015fanlar\u0131n\u0131z\u0131n sa\u011fl\u0131\u011f\u0131 ve g\u00fcvenli\u011fi, bizim temel \u00f6nceli\u011fimizdir. Ortak Sa\u011fl\u0131k G\u00fcvenlik Birimi (OSGB) hizmetlerimizle, yasal y\u00fck\u00fcml\u00fcl\u00fcklerin \u00f6tesine ge\u00e7erek s\u00fcrd\u00fcr\u00fclebilir bir g\u00fcvenlik k\u00fclt\u00fcr\u00fc olu\u015fturuyoruz. Risk de\u011ferlendirmesi, acil durum planlamas\u0131, periyodik sa\u011fl\u0131k kontrolleri, e\u011fitim s\u00fcre\u00e7leri ve operasyon denetimlerini kapsayan hizmetlerimiz, her sekt\u00f6re \u00f6zel \u00e7\u00f6z\u00fcmler sunuyor. Tehlike s\u0131n\u0131flar\u0131na g\u00f6re (Az Tehlikeli, Tehlikeli, \u00c7ok Tehlikeli) belirlenmi\u015f hizmet s\u00fcreleriyle \u2013\u00f6rne\u011fin az tehlikeli i\u00e7in i\u015fyeri hekimi 5 dakika, \u0130SG uzman\u0131 10 dakika\u2013 yan\u0131n\u0131zday\u0131z. Hedef belirleme, stratejik planlama, atama ve e\u011fitim, sa\u011fl\u0131k g\u00f6zetimi, risk de\u011ferlendirmesi, s\u00fcre\u00e7 y\u00f6netimi, kurul olu\u015fturma, acil durum planlar\u0131, raporlama ve izleme gibi a\u015famalar\u0131 entegre y\u00f6netiyoruz. \u0130statistikler, etkili \u0130SG programlar\u0131n\u0131n hastal\u0131k ve yaralanma oranlar\u0131n\u0131 %20-40 azaltt\u0131\u011f\u0131n\u0131 g\u00f6steriyor. Bir fabrika m\u00fc\u015fterimizde uygulad\u0131\u011f\u0131m\u0131z sistemle, kaza oran\u0131 %35 d\u00fc\u015fm\u00fc\u015f ve \u00fcretkenlik %20 artm\u0131\u015ft\u0131r. Bu sayede, \u00e7al\u0131\u015fan memnuniyetini art\u0131r\u0131yor, operasyonel verimlili\u011fi y\u00fckseltiyor ve kurumsal itibar\u0131 g\u00fc\u00e7lendiriyoruz. G\u00fcvenli ad\u0131mlar, sa\u011fl\u0131kl\u0131 yar\u0131nlar: \u0130\u015f g\u00fcvenli\u011fi sadece zorunluluk de\u011fil, kurumsal de\u011ferinizdir. Riskleri minimize edin \u2013 uzmanl\u0131\u011f\u0131m\u0131zdan faydalan\u0131n!&#8221;<\/p>    <\/div>\n<\/div>\n<!-- \/module text -->        <\/div>\n                    <div  data-lazy=\"1\" class=\"module_column tb-column col3-1 tb_jnm2064 last\">\n                    <!-- module image -->\n<div  class=\"module module-image tb_rkxl200 image-top   auto_fullwidth tf_mw\" data-lazy=\"1\">\n        <div class=\"image-wrap tf_rel tf_mw\">\n            <img loading=\"lazy\" decoding=\"async\" src=\"https:\/\/imposing.com.tr\/wp-content\/uploads\/2025\/10\/WhatsApp-Image-2025-10-20-at-11.04.33-11-1024x682-646x430.jpeg\" width=\"646\" height=\"430\" class=\"wp-post-image wp-image-179\" title=\"WhatsApp Image 2025-10-20 at 11.04.33 (11)\" alt=\"WhatsApp Image 2025-10-20 at 11.04.33 (11)\" srcset=\"https:\/\/imposing.com.tr\/wp-content\/uploads\/2025\/10\/WhatsApp-Image-2025-10-20-at-11.04.33-11-1024x682-646x430.jpeg 646w, https:\/\/imposing.com.tr\/wp-content\/uploads\/2025\/10\/WhatsApp-Image-2025-10-20-at-11.04.33-11-300x200.jpeg 300w, https:\/\/imposing.com.tr\/wp-content\/uploads\/2025\/10\/WhatsApp-Image-2025-10-20-at-11.04.33-11-1024x682.jpeg 1024w, https:\/\/imposing.com.tr\/wp-content\/uploads\/2025\/10\/WhatsApp-Image-2025-10-20-at-11.04.33-11-768x512.jpeg 768w, https:\/\/imposing.com.tr\/wp-content\/uploads\/2025\/10\/WhatsApp-Image-2025-10-20-at-11.04.33-11-1536x1023.jpeg 1536w, https:\/\/imposing.com.tr\/wp-content\/uploads\/2025\/10\/WhatsApp-Image-2025-10-20-at-11.04.33-11.jpeg 1600w\" sizes=\"auto, (max-width: 646px) 100vw, 646px\" \/>    \n        <\/div>\n    <!-- \/image-wrap -->\n    \n        <\/div>\n<!-- \/module image -->        <\/div>\n                        <\/div>\n        <\/div>\n        <\/div>\n<!--\/themify_builder_content-->","protected":false},"excerpt":{"rendered":"<p>\u0130\u015f Sa\u011fl\u0131\u011f\u0131 ve G\u00fcvenli\u011fi Hizmetleri &#8220;\u00c7al\u0131\u015fanlar\u0131n\u0131z\u0131n sa\u011fl\u0131\u011f\u0131 ve g\u00fcvenli\u011fi, bizim temel \u00f6nceli\u011fimizdir. Ortak Sa\u011fl\u0131k G\u00fcvenlik Birimi (OSGB) hizmetlerimizle, yasal y\u00fck\u00fcml\u00fcl\u00fcklerin \u00f6tesine ge\u00e7erek s\u00fcrd\u00fcr\u00fclebilir bir g\u00fcvenlik k\u00fclt\u00fcr\u00fc olu\u015fturuyoruz. Risk de\u011ferlendirmesi, acil durum planlamas\u0131, periyodik sa\u011fl\u0131k kontrolleri, e\u011fitim s\u00fcre\u00e7leri ve operasyon denetimlerini kapsayan hizmetlerimiz, her sekt\u00f6re \u00f6zel \u00e7\u00f6z\u00fcmler sunuyor. Tehlike s\u0131n\u0131flar\u0131na g\u00f6re &hellip; <\/p>\n","protected":false},"author":1,"featured_media":0,"parent":0,"menu_order":0,"comment_status":"closed","ping_status":"closed","template":"template-home.php","meta":{"footnotes":""},"class_list":["post-385","page","type-page","status-publish","hentry"],"builder_content":"<h1>\u0130\u015f Sa\u011fl\u0131\u011f\u0131 ve G\u00fcvenli\u011fi Hizmetleri<\/h1>\n<p>\"\u00c7al\u0131\u015fanlar\u0131n\u0131z\u0131n sa\u011fl\u0131\u011f\u0131 ve g\u00fcvenli\u011fi, bizim temel \u00f6nceli\u011fimizdir. Ortak Sa\u011fl\u0131k G\u00fcvenlik Birimi (OSGB) hizmetlerimizle, yasal y\u00fck\u00fcml\u00fcl\u00fcklerin \u00f6tesine ge\u00e7erek s\u00fcrd\u00fcr\u00fclebilir bir g\u00fcvenlik k\u00fclt\u00fcr\u00fc olu\u015fturuyoruz. Risk de\u011ferlendirmesi, acil durum planlamas\u0131, periyodik sa\u011fl\u0131k kontrolleri, e\u011fitim s\u00fcre\u00e7leri ve operasyon denetimlerini kapsayan hizmetlerimiz, her sekt\u00f6re \u00f6zel \u00e7\u00f6z\u00fcmler sunuyor. Tehlike s\u0131n\u0131flar\u0131na g\u00f6re (Az Tehlikeli, Tehlikeli, \u00c7ok Tehlikeli) belirlenmi\u015f hizmet s\u00fcreleriyle \u2013\u00f6rne\u011fin az tehlikeli i\u00e7in i\u015fyeri hekimi 5 dakika, \u0130SG uzman\u0131 10 dakika\u2013 yan\u0131n\u0131zday\u0131z. Hedef belirleme, stratejik planlama, atama ve e\u011fitim, sa\u011fl\u0131k g\u00f6zetimi, risk de\u011ferlendirmesi, s\u00fcre\u00e7 y\u00f6netimi, kurul olu\u015fturma, acil durum planlar\u0131, raporlama ve izleme gibi a\u015famalar\u0131 entegre y\u00f6netiyoruz. \u0130statistikler, etkili \u0130SG programlar\u0131n\u0131n hastal\u0131k ve yaralanma oranlar\u0131n\u0131 %20-40 azaltt\u0131\u011f\u0131n\u0131 g\u00f6steriyor. Bir fabrika m\u00fc\u015fterimizde uygulad\u0131\u011f\u0131m\u0131z sistemle, kaza oran\u0131 %35 d\u00fc\u015fm\u00fc\u015f ve \u00fcretkenlik %20 artm\u0131\u015ft\u0131r. Bu sayede, \u00e7al\u0131\u015fan memnuniyetini art\u0131r\u0131yor, operasyonel verimlili\u011fi y\u00fckseltiyor ve kurumsal itibar\u0131 g\u00fc\u00e7lendiriyoruz. G\u00fcvenli ad\u0131mlar, sa\u011fl\u0131kl\u0131 yar\u0131nlar: \u0130\u015f g\u00fcvenli\u011fi sadece zorunluluk de\u011fil, kurumsal de\u011ferinizdir. Riskleri minimize edin \u2013 uzmanl\u0131\u011f\u0131m\u0131zdan faydalan\u0131n!\"<\/p>\n<img src=\"https:\/\/imposing.com.tr\/wp-content\/uploads\/2025\/10\/WhatsApp-Image-2025-10-20-at-11.04.33-11-1024x682-646x430.jpeg\" width=\"646\" height=\"430\" title=\"WhatsApp Image 2025-10-20 at 11.04.33 (11)\" alt=\"WhatsApp Image 2025-10-20 at 11.04.33 (11)\" srcset=\"https:\/\/imposing.com.tr\/wp-content\/uploads\/2025\/10\/WhatsApp-Image-2025-10-20-at-11.04.33-11-1024x682-646x430.jpeg 646w, https:\/\/imposing.com.tr\/wp-content\/uploads\/2025\/10\/WhatsApp-Image-2025-10-20-at-11.04.33-11-300x200.jpeg 300w, https:\/\/imposing.com.tr\/wp-content\/uploads\/2025\/10\/WhatsApp-Image-2025-10-20-at-11.04.33-11-1024x682.jpeg 1024w, https:\/\/imposing.com.tr\/wp-content\/uploads\/2025\/10\/WhatsApp-Image-2025-10-20-at-11.04.33-11-768x512.jpeg 768w, https:\/\/imposing.com.tr\/wp-content\/uploads\/2025\/10\/WhatsApp-Image-2025-10-20-at-11.04.33-11-1536x1023.jpeg 1536w, https:\/\/imposing.com.tr\/wp-content\/uploads\/2025\/10\/WhatsApp-Image-2025-10-20-at-11.04.33-11.jpeg 1600w\" sizes=\"(max-width: 646px) 100vw, 646px\" \/>","_links":{"self":[{"href":"https:\/\/imposing.com.tr\/index.php\/wp-json\/wp\/v2\/pages\/385","targetHints":{"allow":["GET"]}}],"collection":[{"href":"https:\/\/imposing.com.tr\/index.php\/wp-json\/wp\/v2\/pages"}],"about":[{"href":"https:\/\/imposing.com.tr\/index.php\/wp-json\/wp\/v2\/types\/page"}],"author":[{"embeddable":true,"href":"https:\/\/imposing.com.tr\/index.php\/wp-json\/wp\/v2\/users\/1"}],"replies":[{"embeddable":true,"href":"https:\/\/imposing.com.tr\/index.php\/wp-json\/wp\/v2\/comments?post=385"}],"version-history":[{"count":6,"href":"https:\/\/imposing.com.tr\/index.php\/wp-json\/wp\/v2\/pages\/385\/revisions"}],"predecessor-version":[{"id":391,"href":"https:\/\/imposing.com.tr\/index.php\/wp-json\/wp\/v2\/pages\/385\/revisions\/391"}],"wp:attachment":[{"href":"https:\/\/imposing.com.tr\/index.php\/wp-json\/wp\/v2\/media?parent=385"}],"curies":[{"name":"wp","href":"https:\/\/api.w.org\/{rel}","templated":true}]}}