{"id":406,"date":"2025-10-27T15:07:59","date_gmt":"2025-10-27T12:07:59","guid":{"rendered":"https:\/\/imposing.com.tr\/index.php\/operasyonel-copy\/"},"modified":"2025-11-02T22:25:14","modified_gmt":"2025-11-02T19:25:14","slug":"personel-tasima","status":"publish","type":"page","link":"https:\/\/imposing.com.tr\/index.php\/personel-tasima\/","title":{"rendered":"Personel Ta\u015f\u0131ma"},"content":{"rendered":"<!--themify_builder_content-->\n<div id=\"themify_builder_content-406\" data-postid=\"406\" class=\"themify_builder_content themify_builder_content-406 themify_builder tf_clear\">\n                    <div  data-css_id=\"bpof337\" data-lazy=\"1\" class=\"module_row themify_builder_row fullwidth tb_bpof337 tb_first tf_w\">\n                        <div class=\"row_inner col_align_middle gutter-none tb_col_count_2 tf_box tf_rel\">\n                        <div  data-lazy=\"1\" class=\"module_column tb-column col3-2 tb_udpf000 first\">\n                    <!-- module text -->\n<div  class=\"module module-text tb_hbjt331   \" data-lazy=\"1\">\n        <div  class=\"tb_text_wrap\">\n        <h1>Personel Ta\u015f\u0131ma\u00a0 Hizmetleri<\/h1>    <\/div>\n<\/div>\n<!-- \/module text --><!-- module text -->\n<div  class=\"module module-text tb_d70j320   \" data-lazy=\"1\">\n        <div  class=\"tb_text_wrap\">\n        <p>\u00a0 \u00a0 \u00a0&#8220;Personelinizin g\u00fcvenli, konforlu ve zaman\u0131nda ta\u015f\u0131nmas\u0131n\u0131 sa\u011flamak i\u00e7in kapsaml\u0131 personel ta\u015f\u0131ma hizmetlerimizle yan\u0131n\u0131zday\u0131z. Modern ara\u00e7 filomuz, deneyimli s\u00fcr\u00fcc\u00fclerimiz ve rota optimizasyon sistemlerimizle \u00e7al\u0131\u015fanlar\u0131n\u0131z\u0131 i\u015f yerlerine ula\u015ft\u0131r\u0131yoruz. T\u00fcm ara\u00e7lar\u0131m\u0131z trafik sigortas\u0131, koltuk sigortas\u0131, kasko, teknik bak\u0131m ve kontrollerle donat\u0131lm\u0131\u015f; s\u00fcr\u00fcc\u00fclerimizin s\u00fcr\u00fc\u015f tecr\u00fcbesi \u00f6zenle de\u011ferlendirilmi\u015ftir. Bu hizmet, yaln\u0131zca bir ula\u015f\u0131m \u00e7\u00f6z\u00fcm\u00fc de\u011fil, i\u015f verimlili\u011finin ba\u015flang\u0131\u00e7 noktas\u0131d\u0131r: Konforlu yolculuklar, g\u00fcn\u00fcn motive ba\u015flamas\u0131n\u0131 sa\u011flar ve \u00e7al\u0131\u015fan memnuniyetini art\u0131r\u0131r.\u00a0<\/p>\n<p>\u00a0 \u00a0 \u00a0 \u00a0Mercer anketine g\u00f6re, \u00e7al\u0131\u015fanlar\u0131n %18&#8217;i ta\u015f\u0131mac\u0131l\u0131k faydalar\u0131ndan yararlan\u0131yor ve bu, \u00fcretkenli\u011fi \u00f6nemli \u00f6l\u00e7\u00fcde art\u0131r\u0131yor.\u00a0<\/p>\n<p>\u00a0 \u00a0 \u00a0 \u00a0Bir turizm firmas\u0131nda sundu\u011fumuz hizmetle, ge\u00e7 kalma oranlar\u0131 %40 azalm\u0131\u015f ve \u00e7al\u0131\u015fan morali %25 y\u00fckselmi\u015ftir. \u0130\u015fletmenizin ihtiya\u00e7lar\u0131na g\u00f6re uyarlanm\u0131\u015f \u00e7\u00f6z\u00fcmlerle ula\u015f\u0131m s\u00fcre\u00e7lerini optimize ediyoruz. \u0130\u015fe yolculu\u011fun yeni tan\u0131m\u0131: Zaman\u0131nda, g\u00fcvenli ve konforlu ta\u015f\u0131ma ile verimlili\u011fi ba\u015flat\u0131yoruz. \u00c7al\u0131\u015fanlar\u0131n\u0131z\u0131 motive edin \u2013 ta\u015f\u0131mac\u0131l\u0131k \u00e7\u00f6z\u00fcmlerimizle ba\u015flay\u0131n!&#8221;<\/p>    <\/div>\n<\/div>\n<!-- \/module text -->        <\/div>\n                    <div  data-lazy=\"1\" class=\"module_column tb-column col3-1 tb_akt7230 last\">\n                    <!-- module image -->\n<div  class=\"module module-image tb_s6th021 image-top   auto_fullwidth tf_mw\" data-lazy=\"1\">\n        <div class=\"image-wrap tf_rel tf_mw\">\n            <img loading=\"lazy\" decoding=\"async\" src=\"https:\/\/imposing.com.tr\/wp-content\/uploads\/2025\/10\/WhatsApp-Image-2025-10-20-at-11.04.33-13-646x557.jpeg\" width=\"646\" height=\"557\" class=\"wp-post-image wp-image-165\" title=\"WhatsApp Image 2025-10-20 at 11.04.33 (13)\" alt=\"WhatsApp Image 2025-10-20 at 11.04.33 (13)\" srcset=\"https:\/\/imposing.com.tr\/wp-content\/uploads\/2025\/10\/WhatsApp-Image-2025-10-20-at-11.04.33-13-646x557.jpeg 646w, https:\/\/imposing.com.tr\/wp-content\/uploads\/2025\/10\/WhatsApp-Image-2025-10-20-at-11.04.33-13-300x259.jpeg 300w, https:\/\/imposing.com.tr\/wp-content\/uploads\/2025\/10\/WhatsApp-Image-2025-10-20-at-11.04.33-13.jpeg 630w\" sizes=\"auto, (max-width: 646px) 100vw, 646px\" \/>    \n        <\/div>\n    <!-- \/image-wrap -->\n    \n        <\/div>\n<!-- \/module image -->        <\/div>\n                        <\/div>\n        <\/div>\n        <\/div>\n<!--\/themify_builder_content-->","protected":false},"excerpt":{"rendered":"<p>Personel Ta\u015f\u0131ma\u00a0 Hizmetleri \u00a0 \u00a0 \u00a0&#8220;Personelinizin g\u00fcvenli, konforlu ve zaman\u0131nda ta\u015f\u0131nmas\u0131n\u0131 sa\u011flamak i\u00e7in kapsaml\u0131 personel ta\u015f\u0131ma hizmetlerimizle yan\u0131n\u0131zday\u0131z. Modern ara\u00e7 filomuz, deneyimli s\u00fcr\u00fcc\u00fclerimiz ve rota optimizasyon sistemlerimizle \u00e7al\u0131\u015fanlar\u0131n\u0131z\u0131 i\u015f yerlerine ula\u015ft\u0131r\u0131yoruz. T\u00fcm ara\u00e7lar\u0131m\u0131z trafik sigortas\u0131, koltuk sigortas\u0131, kasko, teknik bak\u0131m ve kontrollerle donat\u0131lm\u0131\u015f; s\u00fcr\u00fcc\u00fclerimizin s\u00fcr\u00fc\u015f tecr\u00fcbesi \u00f6zenle de\u011ferlendirilmi\u015ftir. Bu hizmet, &hellip; <\/p>\n","protected":false},"author":1,"featured_media":0,"parent":0,"menu_order":0,"comment_status":"closed","ping_status":"closed","template":"template-home.php","meta":{"footnotes":""},"class_list":["post-406","page","type-page","status-publish","hentry"],"builder_content":"<h1>Personel Ta\u015f\u0131ma\u00a0 Hizmetleri<\/h1>\n<p>\u00a0 \u00a0 \u00a0\"Personelinizin g\u00fcvenli, konforlu ve zaman\u0131nda ta\u015f\u0131nmas\u0131n\u0131 sa\u011flamak i\u00e7in kapsaml\u0131 personel ta\u015f\u0131ma hizmetlerimizle yan\u0131n\u0131zday\u0131z. Modern ara\u00e7 filomuz, deneyimli s\u00fcr\u00fcc\u00fclerimiz ve rota optimizasyon sistemlerimizle \u00e7al\u0131\u015fanlar\u0131n\u0131z\u0131 i\u015f yerlerine ula\u015ft\u0131r\u0131yoruz. T\u00fcm ara\u00e7lar\u0131m\u0131z trafik sigortas\u0131, koltuk sigortas\u0131, kasko, teknik bak\u0131m ve kontrollerle donat\u0131lm\u0131\u015f; s\u00fcr\u00fcc\u00fclerimizin s\u00fcr\u00fc\u015f tecr\u00fcbesi \u00f6zenle de\u011ferlendirilmi\u015ftir. Bu hizmet, yaln\u0131zca bir ula\u015f\u0131m \u00e7\u00f6z\u00fcm\u00fc de\u011fil, i\u015f verimlili\u011finin ba\u015flang\u0131\u00e7 noktas\u0131d\u0131r: Konforlu yolculuklar, g\u00fcn\u00fcn motive ba\u015flamas\u0131n\u0131 sa\u011flar ve \u00e7al\u0131\u015fan memnuniyetini art\u0131r\u0131r.\u00a0<\/p> <p>\u00a0 \u00a0 \u00a0 \u00a0Mercer anketine g\u00f6re, \u00e7al\u0131\u015fanlar\u0131n %18'i ta\u015f\u0131mac\u0131l\u0131k faydalar\u0131ndan yararlan\u0131yor ve bu, \u00fcretkenli\u011fi \u00f6nemli \u00f6l\u00e7\u00fcde art\u0131r\u0131yor.\u00a0<\/p> <p>\u00a0 \u00a0 \u00a0 \u00a0Bir turizm firmas\u0131nda sundu\u011fumuz hizmetle, ge\u00e7 kalma oranlar\u0131 %40 azalm\u0131\u015f ve \u00e7al\u0131\u015fan morali %25 y\u00fckselmi\u015ftir. \u0130\u015fletmenizin ihtiya\u00e7lar\u0131na g\u00f6re uyarlanm\u0131\u015f \u00e7\u00f6z\u00fcmlerle ula\u015f\u0131m s\u00fcre\u00e7lerini optimize ediyoruz. \u0130\u015fe yolculu\u011fun yeni tan\u0131m\u0131: Zaman\u0131nda, g\u00fcvenli ve konforlu ta\u015f\u0131ma ile verimlili\u011fi ba\u015flat\u0131yoruz. \u00c7al\u0131\u015fanlar\u0131n\u0131z\u0131 motive edin \u2013 ta\u015f\u0131mac\u0131l\u0131k \u00e7\u00f6z\u00fcmlerimizle ba\u015flay\u0131n!\"<\/p>\n<img src=\"https:\/\/imposing.com.tr\/wp-content\/uploads\/2025\/10\/WhatsApp-Image-2025-10-20-at-11.04.33-13-646x557.jpeg\" width=\"646\" height=\"557\" title=\"WhatsApp Image 2025-10-20 at 11.04.33 (13)\" alt=\"WhatsApp Image 2025-10-20 at 11.04.33 (13)\" srcset=\"https:\/\/imposing.com.tr\/wp-content\/uploads\/2025\/10\/WhatsApp-Image-2025-10-20-at-11.04.33-13-646x557.jpeg 646w, https:\/\/imposing.com.tr\/wp-content\/uploads\/2025\/10\/WhatsApp-Image-2025-10-20-at-11.04.33-13-300x259.jpeg 300w, https:\/\/imposing.com.tr\/wp-content\/uploads\/2025\/10\/WhatsApp-Image-2025-10-20-at-11.04.33-13.jpeg 630w\" sizes=\"(max-width: 646px) 100vw, 646px\" \/>","_links":{"self":[{"href":"https:\/\/imposing.com.tr\/index.php\/wp-json\/wp\/v2\/pages\/406","targetHints":{"allow":["GET"]}}],"collection":[{"href":"https:\/\/imposing.com.tr\/index.php\/wp-json\/wp\/v2\/pages"}],"about":[{"href":"https:\/\/imposing.com.tr\/index.php\/wp-json\/wp\/v2\/types\/page"}],"author":[{"embeddable":true,"href":"https:\/\/imposing.com.tr\/index.php\/wp-json\/wp\/v2\/users\/1"}],"replies":[{"embeddable":true,"href":"https:\/\/imposing.com.tr\/index.php\/wp-json\/wp\/v2\/comments?post=406"}],"version-history":[{"count":13,"href":"https:\/\/imposing.com.tr\/index.php\/wp-json\/wp\/v2\/pages\/406\/revisions"}],"predecessor-version":[{"id":692,"href":"https:\/\/imposing.com.tr\/index.php\/wp-json\/wp\/v2\/pages\/406\/revisions\/692"}],"wp:attachment":[{"href":"https:\/\/imposing.com.tr\/index.php\/wp-json\/wp\/v2\/media?parent=406"}],"curies":[{"name":"wp","href":"https:\/\/api.w.org\/{rel}","templated":true}]}}