{"id":425,"date":"2025-10-27T15:13:54","date_gmt":"2025-10-27T12:13:54","guid":{"rendered":"https:\/\/imposing.com.tr\/index.php\/temizlik-hizmetleri-copy\/"},"modified":"2025-10-30T22:54:03","modified_gmt":"2025-10-30T19:54:03","slug":"temizlik-ve-is-guvenligi-ekipmanlari-temini","status":"publish","type":"page","link":"https:\/\/imposing.com.tr\/index.php\/temizlik-ve-is-guvenligi-ekipmanlari-temini\/","title":{"rendered":"Temizlik ve \u0130\u015f G\u00fcvenli\u011fi Ekipmanlar\u0131 Temini"},"content":{"rendered":"<!--themify_builder_content-->\n<div id=\"themify_builder_content-425\" data-postid=\"425\" class=\"themify_builder_content themify_builder_content-425 themify_builder tf_clear\">\n                    <div  data-css_id=\"ck8k991\" data-lazy=\"1\" class=\"module_row themify_builder_row fullwidth tb_ck8k991 tb_first tf_w\">\n                        <div class=\"row_inner col_align_middle gutter-none tb_col_count_2 tf_box tf_rel\">\n                        <div  data-lazy=\"1\" class=\"module_column tb-column col3-2 tb_ucrx920 first\">\n                    <!-- module text -->\n<div  class=\"module module-text tb_kr4h111   \" data-lazy=\"1\">\n        <div  class=\"tb_text_wrap\">\n        <h1>Temizlik \u00a0ve \u0130\u015f G\u00fcvenli\u011fi Ekipmanlar\u0131 Temini<\/h1>    <\/div>\n<\/div>\n<!-- \/module text --><!-- module text -->\n<div  class=\"module module-text tb_1dbk909   \" data-lazy=\"1\">\n        <div  class=\"tb_text_wrap\">\n        <p>&#8220;\u0130\u015f sa\u011fl\u0131\u011f\u0131, hijyen ve g\u00fcvenli\u011fi ihtiya\u00e7lar\u0131n\u0131z\u0131 kar\u015f\u0131lamak i\u00e7in kaliteli ekipman ve malzeme temini hizmetlerimizle h\u0131zl\u0131 ve s\u00fcrd\u00fcr\u00fclebilir \u00e7\u00f6z\u00fcmler sunuyoruz. Sahada ihtiya\u00e7 duyulan koruyucu donan\u0131mlar\u0131, temizlik ekipmanlar\u0131n\u0131 ve malzemelerini (Eczac\u0131ba\u015f\u0131, Ecolab, Diversey, Nilfiks, Karcher gibi g\u00fcvenilir tedarik\u00e7ilerden) kalite standartlar\u0131nda sa\u011fl\u0131yoruz. Temizlik ekipman teminiyle hijyenin s\u00fcreklili\u011fini, i\u015f g\u00fcvenli\u011fi malzemeleriyle g\u00fcvenli \u00e7al\u0131\u015fma ortamlar\u0131n\u0131 destekliyoruz. Bu hizmetimiz, i\u015f yerlerinde sa\u011fl\u0131kl\u0131, d\u00fczenli ve kurumsal standartlara uygun bir yap\u0131 in\u015fa etmenize yard\u0131mc\u0131 oluyor. Ara\u015ft\u0131rmalara g\u00f6re, kaliteli PPE ve temizlik ekipmanlar\u0131 125 milyon i\u015f\u00e7iyi koruyor ve ekonomiye 72 milyar dolar katk\u0131 sa\u011fl\u0131yor. Bir sanayi m\u00fc\u015fterimizde tedarik etti\u011fimiz ekipmanlarla, kaza oranlar\u0131 %25 azalm\u0131\u015f ve hijyen standartlar\u0131 y\u00fckselmi\u015ftir. Profesyonel ekiplerimizle, ekipman se\u00e7iminden tedarik ve entegrasyona kadar her a\u015famada yan\u0131n\u0131zday\u0131z. Her hizmette g\u00fcvenli ad\u0131mlar: Malzeme ve ekipman teminimizle altyap\u0131n\u0131z\u0131 g\u00fc\u00e7lendiriyor, operasyonel verimlili\u011fi art\u0131r\u0131yoruz. G\u00fcvenilir bir gelecek i\u00e7in yat\u0131r\u0131m yap\u0131n \u2013 kaliteli ekipmanlar\u0131m\u0131zla fark yarat\u0131n!&#8221;<\/p>    <\/div>\n<\/div>\n<!-- \/module text -->        <\/div>\n                    <div  data-lazy=\"1\" class=\"module_column tb-column col3-1 tb_belt090 last\">\n                    <!-- module image -->\n<div  class=\"module module-image tb_nl3e901 image-top   auto_fullwidth tf_mw\" data-lazy=\"1\">\n        <div class=\"image-wrap tf_rel tf_mw\">\n            <img loading=\"lazy\" decoding=\"async\" src=\"https:\/\/imposing.com.tr\/wp-content\/uploads\/2025\/10\/WhatsApp-Image-2025-10-20-at-11.04.33-8-646x430.jpeg\" width=\"646\" height=\"430\" class=\"wp-post-image wp-image-164\" title=\"WhatsApp Image 2025-10-20 at 11.04.33 (8)\" alt=\"WhatsApp Image 2025-10-20 at 11.04.33 (8)\" srcset=\"https:\/\/imposing.com.tr\/wp-content\/uploads\/2025\/10\/WhatsApp-Image-2025-10-20-at-11.04.33-8-646x430.jpeg 646w, https:\/\/imposing.com.tr\/wp-content\/uploads\/2025\/10\/WhatsApp-Image-2025-10-20-at-11.04.33-8-300x200.jpeg 300w, https:\/\/imposing.com.tr\/wp-content\/uploads\/2025\/10\/WhatsApp-Image-2025-10-20-at-11.04.33-8-768x512.jpeg 768w, https:\/\/imposing.com.tr\/wp-content\/uploads\/2025\/10\/WhatsApp-Image-2025-10-20-at-11.04.33-8.jpeg 1024w\" sizes=\"auto, (max-width: 646px) 100vw, 646px\" \/>    \n        <\/div>\n    <!-- \/image-wrap -->\n    \n        <\/div>\n<!-- \/module image -->        <\/div>\n                        <\/div>\n        <\/div>\n        <\/div>\n<!--\/themify_builder_content-->","protected":false},"excerpt":{"rendered":"<p>Temizlik \u00a0ve \u0130\u015f G\u00fcvenli\u011fi Ekipmanlar\u0131 Temini &#8220;\u0130\u015f sa\u011fl\u0131\u011f\u0131, hijyen ve g\u00fcvenli\u011fi ihtiya\u00e7lar\u0131n\u0131z\u0131 kar\u015f\u0131lamak i\u00e7in kaliteli ekipman ve malzeme temini hizmetlerimizle h\u0131zl\u0131 ve s\u00fcrd\u00fcr\u00fclebilir \u00e7\u00f6z\u00fcmler sunuyoruz. Sahada ihtiya\u00e7 duyulan koruyucu donan\u0131mlar\u0131, temizlik ekipmanlar\u0131n\u0131 ve malzemelerini (Eczac\u0131ba\u015f\u0131, Ecolab, Diversey, Nilfiks, Karcher gibi g\u00fcvenilir tedarik\u00e7ilerden) kalite standartlar\u0131nda sa\u011fl\u0131yoruz. Temizlik ekipman teminiyle hijyenin s\u00fcreklili\u011fini, &hellip; <\/p>\n","protected":false},"author":1,"featured_media":0,"parent":0,"menu_order":0,"comment_status":"closed","ping_status":"closed","template":"template-home.php","meta":{"footnotes":""},"class_list":["post-425","page","type-page","status-publish","hentry"],"builder_content":"<h1>Temizlik \u00a0ve \u0130\u015f G\u00fcvenli\u011fi Ekipmanlar\u0131 Temini<\/h1>\n<p>\"\u0130\u015f sa\u011fl\u0131\u011f\u0131, hijyen ve g\u00fcvenli\u011fi ihtiya\u00e7lar\u0131n\u0131z\u0131 kar\u015f\u0131lamak i\u00e7in kaliteli ekipman ve malzeme temini hizmetlerimizle h\u0131zl\u0131 ve s\u00fcrd\u00fcr\u00fclebilir \u00e7\u00f6z\u00fcmler sunuyoruz. Sahada ihtiya\u00e7 duyulan koruyucu donan\u0131mlar\u0131, temizlik ekipmanlar\u0131n\u0131 ve malzemelerini (Eczac\u0131ba\u015f\u0131, Ecolab, Diversey, Nilfiks, Karcher gibi g\u00fcvenilir tedarik\u00e7ilerden) kalite standartlar\u0131nda sa\u011fl\u0131yoruz. Temizlik ekipman teminiyle hijyenin s\u00fcreklili\u011fini, i\u015f g\u00fcvenli\u011fi malzemeleriyle g\u00fcvenli \u00e7al\u0131\u015fma ortamlar\u0131n\u0131 destekliyoruz. Bu hizmetimiz, i\u015f yerlerinde sa\u011fl\u0131kl\u0131, d\u00fczenli ve kurumsal standartlara uygun bir yap\u0131 in\u015fa etmenize yard\u0131mc\u0131 oluyor. Ara\u015ft\u0131rmalara g\u00f6re, kaliteli PPE ve temizlik ekipmanlar\u0131 125 milyon i\u015f\u00e7iyi koruyor ve ekonomiye 72 milyar dolar katk\u0131 sa\u011fl\u0131yor. Bir sanayi m\u00fc\u015fterimizde tedarik etti\u011fimiz ekipmanlarla, kaza oranlar\u0131 %25 azalm\u0131\u015f ve hijyen standartlar\u0131 y\u00fckselmi\u015ftir. Profesyonel ekiplerimizle, ekipman se\u00e7iminden tedarik ve entegrasyona kadar her a\u015famada yan\u0131n\u0131zday\u0131z. Her hizmette g\u00fcvenli ad\u0131mlar: Malzeme ve ekipman teminimizle altyap\u0131n\u0131z\u0131 g\u00fc\u00e7lendiriyor, operasyonel verimlili\u011fi art\u0131r\u0131yoruz. G\u00fcvenilir bir gelecek i\u00e7in yat\u0131r\u0131m yap\u0131n \u2013 kaliteli ekipmanlar\u0131m\u0131zla fark yarat\u0131n!\"<\/p>\n<img src=\"https:\/\/imposing.com.tr\/wp-content\/uploads\/2025\/10\/WhatsApp-Image-2025-10-20-at-11.04.33-8-646x430.jpeg\" width=\"646\" height=\"430\" title=\"WhatsApp Image 2025-10-20 at 11.04.33 (8)\" alt=\"WhatsApp Image 2025-10-20 at 11.04.33 (8)\" srcset=\"https:\/\/imposing.com.tr\/wp-content\/uploads\/2025\/10\/WhatsApp-Image-2025-10-20-at-11.04.33-8-646x430.jpeg 646w, https:\/\/imposing.com.tr\/wp-content\/uploads\/2025\/10\/WhatsApp-Image-2025-10-20-at-11.04.33-8-300x200.jpeg 300w, https:\/\/imposing.com.tr\/wp-content\/uploads\/2025\/10\/WhatsApp-Image-2025-10-20-at-11.04.33-8-768x512.jpeg 768w, https:\/\/imposing.com.tr\/wp-content\/uploads\/2025\/10\/WhatsApp-Image-2025-10-20-at-11.04.33-8.jpeg 1024w\" sizes=\"(max-width: 646px) 100vw, 646px\" \/>","_links":{"self":[{"href":"https:\/\/imposing.com.tr\/index.php\/wp-json\/wp\/v2\/pages\/425","targetHints":{"allow":["GET"]}}],"collection":[{"href":"https:\/\/imposing.com.tr\/index.php\/wp-json\/wp\/v2\/pages"}],"about":[{"href":"https:\/\/imposing.com.tr\/index.php\/wp-json\/wp\/v2\/types\/page"}],"author":[{"embeddable":true,"href":"https:\/\/imposing.com.tr\/index.php\/wp-json\/wp\/v2\/users\/1"}],"replies":[{"embeddable":true,"href":"https:\/\/imposing.com.tr\/index.php\/wp-json\/wp\/v2\/comments?post=425"}],"version-history":[{"count":9,"href":"https:\/\/imposing.com.tr\/index.php\/wp-json\/wp\/v2\/pages\/425\/revisions"}],"predecessor-version":[{"id":601,"href":"https:\/\/imposing.com.tr\/index.php\/wp-json\/wp\/v2\/pages\/425\/revisions\/601"}],"wp:attachment":[{"href":"https:\/\/imposing.com.tr\/index.php\/wp-json\/wp\/v2\/media?parent=425"}],"curies":[{"name":"wp","href":"https:\/\/api.w.org\/{rel}","templated":true}]}}