{"id":447,"date":"2025-10-28T10:34:15","date_gmt":"2025-10-28T07:34:15","guid":{"rendered":"https:\/\/imposing.com.tr\/index.php\/cv1\/"},"modified":"2025-10-30T23:20:04","modified_gmt":"2025-10-30T20:20:04","slug":"cv1","status":"publish","type":"page","link":"https:\/\/imposing.com.tr\/index.php\/cv1\/","title":{"rendered":"cv1"},"content":{"rendered":"<!--themify_builder_content-->\n<div id=\"themify_builder_content-447\" data-postid=\"447\" class=\"themify_builder_content themify_builder_content-447 themify_builder tf_clear\">\n                    <div  data-lazy=\"1\" class=\"module_row themify_builder_row tb_9llx34 tb_first tf_w\">\n                        <div class=\"row_inner col_align_top tb_col_count_2 tf_box tf_rel\">\n                        <div  data-lazy=\"1\" class=\"module_column tb-column col4-2 tb_21yh41 first\">\n                    <!-- module text -->\n<div  class=\"module module-text tb_kp1441   \" data-lazy=\"1\" data-sticky-active=\"{&quot;d&quot;:{&quot;stick&quot;:{&quot;v&quot;:&quot;100&quot;},&quot;unstick&quot;:{&quot;type&quot;:&quot;builder&quot;}}}\">\n        <div  class=\"tb_text_wrap\">\n        <h2>CV G\u00f6nder<\/h2>\n<p>Bilgileri Doldururken l\u00fctfen Dikkat edelim&#8230;<\/p>\n<p>G\u00f6nder yap\u0131labilmesi i\u00e7in KVKK ayd\u0131nlatma metninin kabul edilmesi zorunludur.<\/p>    <\/div>\n<\/div>\n<!-- \/module text -->        <\/div>\n                    <div  data-lazy=\"1\" class=\"module_column tb-column col4-2 tb_kzt541 last\">\n                    <!-- module text -->\n<div  class=\"module module-text tb_9vdk42   \" data-lazy=\"1\">\n        <div  class=\"tb_text_wrap\">\n        <h3>A\u015fa\u011f\u0131daki bilgilere<\/h3>\n<p>ek olarak cvmizi eklemeyi unutmayal\u0131m&#8230;<\/p>    <\/div>\n<\/div>\n<!-- \/module text --><!-- module text -->\n<div  class=\"module module-text tb_6alj43   \" data-lazy=\"1\">\n        <div  class=\"tb_text_wrap\">\n        \n<div class=\"wpcf7 no-js\" id=\"wpcf7-f446-o1\" lang=\"tr-TR\" dir=\"ltr\" data-wpcf7-id=\"446\">\n<div class=\"screen-reader-response\"><p role=\"status\" aria-live=\"polite\" aria-atomic=\"true\"><\/p> <ul><\/ul><\/div>\n<form action=\"\/index.php\/wp-json\/wp\/v2\/pages\/447#wpcf7-f446-o1\" method=\"post\" class=\"wpcf7-form init\" aria-label=\"\u0130leti\u015fim Formu\" enctype=\"multipart\/form-data\" novalidate=\"novalidate\" data-status=\"init\">\n<fieldset class=\"hidden-fields-container\"><input type=\"hidden\" name=\"_wpcf7\" value=\"446\" \/><input type=\"hidden\" name=\"_wpcf7_version\" value=\"6.1.4\" \/><input type=\"hidden\" name=\"_wpcf7_locale\" value=\"tr_TR\" \/><input type=\"hidden\" name=\"_wpcf7_unit_tag\" value=\"wpcf7-f446-o1\" \/><input type=\"hidden\" name=\"_wpcf7_container_post\" value=\"0\" \/><input type=\"hidden\" name=\"_wpcf7_posted_data_hash\" value=\"\" \/>\n<\/fieldset>\n<p><label> Ad\u0131n\u0131z ve Soyad\u0131n\u0131z<br \/>\n<span class=\"wpcf7-form-control-wrap\" data-name=\"your-name\"><input size=\"40\" maxlength=\"400\" class=\"wpcf7-form-control wpcf7-text wpcf7-validates-as-required\" autocomplete=\"name\" aria-required=\"true\" aria-invalid=\"false\" value=\"\" type=\"text\" name=\"your-name\" \/><\/span><br \/>\n<\/label>\n<\/p>\n<p><label> E-posta adresiniz<br \/>\n<span class=\"wpcf7-form-control-wrap\" data-name=\"your-email\"><input size=\"40\" maxlength=\"400\" class=\"wpcf7-form-control wpcf7-email wpcf7-validates-as-required wpcf7-text wpcf7-validates-as-email\" autocomplete=\"email\" aria-required=\"true\" aria-invalid=\"false\" value=\"\" type=\"email\" name=\"your-email\" \/><\/span><br \/>\n<\/label>\n<\/p>\n<p><label> Telefon numaran\u0131z<br \/>\n<span class=\"wpcf7-form-control-wrap\" data-name=\"tel-907\"><input size=\"40\" maxlength=\"14\" minlength=\"10\" class=\"wpcf7-form-control wpcf7-tel wpcf7-validates-as-required wpcf7-text wpcf7-validates-as-tel\" aria-required=\"true\" aria-invalid=\"false\" value=\"\" type=\"tel\" name=\"tel-907\" \/><\/span><br \/>\n<\/label>\n<\/p>\n<p><label> Konu<br \/>\n<span class=\"wpcf7-form-control-wrap\" data-name=\"your-subject\"><input size=\"40\" maxlength=\"400\" class=\"wpcf7-form-control wpcf7-text wpcf7-validates-as-required\" aria-required=\"true\" aria-invalid=\"false\" value=\"\" type=\"text\" name=\"your-subject\" \/><\/span><br \/>\n<\/label>\n<\/p>\n<p><label> \u0130letiniz (tercihe ba\u011fl\u0131)<br \/>\n<span class=\"wpcf7-form-control-wrap\" data-name=\"your-message\"><textarea cols=\"40\" rows=\"10\" maxlength=\"2000\" class=\"wpcf7-form-control wpcf7-textarea\" aria-invalid=\"false\" name=\"your-message\"><\/textarea><\/span><br \/>\n<\/label>\n<\/p>\n<p><label> Dosya \/ CV Ekle<br \/>\n<span class=\"wpcf7-form-control-wrap\" data-name=\"file-21\"><input size=\"40\" class=\"wpcf7-form-control wpcf7-file\" accept=\"application\/pdf,application\/msword,application\/vnd.openxmlformats-officedocument.wordprocessingml.document\" aria-invalid=\"false\" type=\"file\" name=\"file-21\" \/><\/span><br \/>\n<\/label>\n<\/p>\n<p><label><br \/>\n<a href=\"https:\/\/imposing.com.tr\/index.php\/kvkk\/\" target=\"_blank\"><br \/>\nKVKK ayd\u0131nlatma metni okumak i\u00e7in t\u0131klay\u0131n\u0131z...<br \/>\n<\/a><br \/>\n<\/label>\n<\/p>\n<p><label><br \/>\n<span class=\"wpcf7-form-control-wrap\" data-name=\"acceptance-287\"><span class=\"wpcf7-form-control wpcf7-acceptance\"><span class=\"wpcf7-list-item\"><label><input type=\"checkbox\" name=\"acceptance-287\" value=\"1\" aria-invalid=\"false\" \/><span class=\"wpcf7-list-item-label\">KVKK Ayd\u0131nlatma Metnini okudum ve kabul ediyorum.<\/span><\/label><\/span><\/span><\/span><br \/>\n<\/label>\n<\/p>\n<p><input class=\"wpcf7-form-control wpcf7-submit has-spinner\" type=\"submit\" value=\"G\u00f6nder\" \/>\n<\/p><div class=\"wpcf7-response-output\" aria-hidden=\"true\"><\/div>\n<\/form>\n<\/div>\n    <\/div>\n<\/div>\n<!-- \/module text -->        <\/div>\n                        <\/div>\n        <\/div>\n                        <div  data-lazy=\"1\" class=\"module_row themify_builder_row tb_l8as34 tf_w\">\n                        <div class=\"row_inner col_align_top tb_col_count_2 tf_box tf_rel\">\n                        <div  data-lazy=\"1\" class=\"module_column tb-column col4-2 tb_c1vu36 first\">\n                    <!-- module text -->\n<div  class=\"module module-text tb_jl49407   \" data-lazy=\"1\" data-lax-translate-x=\"(vh*0.22) 0,(vh*0) -600\" data-lax=\"true\">\n        <div  class=\"tb_text_wrap\">\n        <p>tt<\/p>\n<p>tt<\/p>    <\/div>\n<\/div>\n<!-- \/module text --><!-- module text -->\n<div  class=\"module module-text tb_wtwl37   \" data-lazy=\"1\">\n        <div  class=\"tb_text_wrap\">\n        <p>\u0130ster yukar\u0131daki formu doldurarak isterseniz de di\u011fer ileti\u015fim yollar\u0131n\u0131 kullanarak bize ula\u015fabilirsiniz<\/p>    <\/div>\n<\/div>\n<!-- \/module text --><!-- module icon -->\n<div  class=\"module module-icon tb_0eof38  large  icon_horizontal \" data-lazy=\"1\">\n\t\t\t<div class=\"module-icon-item\">\n\t\t\t\t\t\t\t<a href=\"https:\/\/www.instagram.com\/imposing_insan_kaynaklari\/\" rel=\"noopener\" target=\"_blank\">\n\t\t\t\t\t\t\t\t\t\t\t\t\t\t\t\t\t<em class=\"tf_box\"\n\t\t\t\t\t\t\t\t\t\t\t\t\t\t\t\t\t><svg  class=\"tf_fa tf-ti-instagram\" aria-hidden=\"true\"><use href=\"#tf-ti-instagram\"><\/use><\/svg><\/em>\n\t\t\t\t\t\t\t\t\t\t\t\t\t\t\t\t<\/a>\n\t\t\t\t\t<\/div>\n\t\t\t<div class=\"module-icon-item\">\n\t\t\t\t\t\t\t<a href=\"https:\/\/www.linkedin.com\/company\/imposing-i%CC%87nsan-kaynaklar%C4%B1\/\" rel=\"noopener\" target=\"_blank\">\n\t\t\t\t\t\t\t\t\t\t\t\t\t\t\t\t\t<em class=\"tf_box\"\n\t\t\t\t\t\t\t\t\t\t\t\t\t\t\t\t\t><svg  class=\"tf_fa tf-ti-linkedin\" aria-hidden=\"true\"><use href=\"#tf-ti-linkedin\"><\/use><\/svg><\/em>\n\t\t\t\t\t\t\t\t\t\t\t\t\t\t\t\t<\/a>\n\t\t\t\t\t<\/div>\n\t<\/div>\n<!-- \/module icon -->\n<!-- module buttons -->\n<div  class=\"module module-buttons tb_qgha118 buttons-horizontal solid  xlarge circle\" data-lazy=\"1\">\n        <div class=\"module-buttons-item tf_in_flx\">\n                        <a href=\"https:\/\/imposing.com.tr\/index.php\/sayfailet\/\" class=\"ui builder_button tf_in_flx blue\" >\n                                                \u0130leti\u015fim B\u0130LG\u0130LER\u0130                                        <em><svg  class=\"tf_fa tf-fas-address-card\" aria-hidden=\"true\"><use href=\"#tf-fas-address-card\"><\/use><\/svg><\/em>                            <\/a>\n                <\/div>\n            <\/div>\n<!-- \/module buttons -->\n        <\/div>\n                    <div  data-lazy=\"1\" class=\"module_column tb-column col4-2 tb_vumv39 last\">\n                    <!-- module image -->\n<div  class=\"module module-image tb_nsnx40 image-top   tf_mw\" data-lazy=\"1\" data-lax-translate-y=\"(vh*1) 0,(vh*0) -70\" data-lax=\"true\">\n        <div class=\"image-wrap tf_rel tf_mw\">\n            <img loading=\"lazy\" decoding=\"async\" src=\"https:\/\/imposing.com.tr\/wp-content\/uploads\/2025\/10\/HAK1-519x321.jpg\" width=\"519\" height=\"321\" class=\"wp-post-image wp-image-402\" title=\"HAK1\" alt=\"HAK1\">    \n        <\/div>\n    <!-- \/image-wrap -->\n    \n        <\/div>\n<!-- \/module image -->        <\/div>\n                        <\/div>\n        <\/div>\n                        <div  id=\"press\" data-lazy=\"1\" class=\"module_row themify_builder_row tb_wsyh064 tf_w hide-desktop hide-tablet hide-tablet_landscape hide-mobile\">\n                        <div class=\"row_inner col_align_top tb_col_count_1 tf_box tf_rel\">\n                        <div  data-lazy=\"1\" class=\"module_column tb-column col-full tb_rkc444 first\">\n                    <!-- module text -->\n<div  class=\"module module-text tb_rad445   \" data-lazy=\"1\" data-lax-translate-x=\"(vh*0.55) 0,(vh*0) 600\" data-lax=\"true\">\n        <div  class=\"tb_text_wrap\">\n        <h2>Exhibition\/Press<\/h2>    <\/div>\n<\/div>\n<!-- \/module text -->        <div  data-lazy=\"1\" class=\"module_subrow themify_builder_sub_row tf_w col_align_top tb_col_count_3 tb_rmvj45\">\n                <div  data-lazy=\"1\" class=\"module_column sub_column col3-1 tb_ohrc46 first\">\n                    <!-- module image -->\n<div  class=\"module module-image tb_nvy446 image-top   auto_fullwidth tf_mw wow\" data-tf-animation=\"fadeIn\" data-lazy=\"1\">\n        <div class=\"image-wrap tf_rel tf_mw\">\n            <img loading=\"lazy\" decoding=\"async\" src=\"https:\/\/imposing.com.tr\/wp-content\/uploads\/2025\/10\/woman-art-1-359x431.jpg\" width=\"359\" height=\"431\" class=\"wp-post-image wp-image-452\" title=\"Abstraction\" alt=\"A solo exhibition featuring my recent abstract works. Some of the paintings are available for sale on my online shop.\" srcset=\"https:\/\/imposing.com.tr\/wp-content\/uploads\/2025\/10\/woman-art-1.jpg 359w, https:\/\/imposing.com.tr\/wp-content\/uploads\/2025\/10\/woman-art-1-250x300.jpg 250w\" sizes=\"auto, (max-width: 359px) 100vw, 359px\" \/>    \n        <\/div>\n    <!-- \/image-wrap -->\n    \n        <div class=\"image-content\">\n                    <h3 class=\"image-title\">\n                                    Abstraction                            <\/h3>\n                        <div class=\"image-caption tb_text_wrap\">\n            A solo exhibition featuring my recent abstract works. Some of the paintings are available for sale on my online shop.        <\/div>\n        <!-- \/image-caption -->\n            <\/div>\n    <!-- \/image-content -->\n        <\/div>\n<!-- \/module image --><!-- module text -->\n<div  class=\"module module-text tb_8c0646   \" data-lazy=\"1\">\n        <div  class=\"tb_text_wrap\">\n        <p>\/ March 2022<\/p>    <\/div>\n<\/div>\n<!-- \/module text -->        <\/div>\n                    <div  data-lazy=\"1\" class=\"module_column sub_column col3-1 tb_hyyk47\">\n                    <!-- module image -->\n<div  class=\"module module-image tb_gaza47 image-top   auto_fullwidth tf_mw wow\" data-tf-animation=\"fadeIn\" data-tf-animation_delay=\"1\" data-lazy=\"1\">\n        <div class=\"image-wrap tf_rel tf_mw\">\n            <img loading=\"lazy\" decoding=\"async\" src=\"https:\/\/imposing.com.tr\/wp-content\/uploads\/2025\/10\/abstract-art-1-359x431.jpg\" width=\"359\" height=\"431\" class=\"wp-post-image wp-image-450\" title=\"Splash\" alt=\"An exhibition of my splash series at New York Gallery. You can get the digital prints on my shop.\" srcset=\"https:\/\/imposing.com.tr\/wp-content\/uploads\/2025\/10\/abstract-art-1.jpg 359w, https:\/\/imposing.com.tr\/wp-content\/uploads\/2025\/10\/abstract-art-1-250x300.jpg 250w\" sizes=\"auto, (max-width: 359px) 100vw, 359px\" \/>    \n        <\/div>\n    <!-- \/image-wrap -->\n    \n        <div class=\"image-content\">\n                    <h3 class=\"image-title\">\n                                    Splash                            <\/h3>\n                        <div class=\"image-caption tb_text_wrap\">\n            An exhibition of my splash series at New York Gallery. You can get the digital prints on my shop.        <\/div>\n        <!-- \/image-caption -->\n            <\/div>\n    <!-- \/image-content -->\n        <\/div>\n<!-- \/module image --><!-- module text -->\n<div  class=\"module module-text tb_okde47   \" data-lazy=\"1\">\n        <div  class=\"tb_text_wrap\">\n        <p>\/ Nov 2021<\/p>    <\/div>\n<\/div>\n<!-- \/module text -->        <\/div>\n                    <div  data-lazy=\"1\" class=\"module_column sub_column col3-1 tb_1yii48 last\">\n                    <!-- module image -->\n<div  class=\"module module-image tb_kcft48 image-top   auto_fullwidth tf_mw wow\" data-tf-animation=\"fadeIn\" data-tf-animation_delay=\"1.5\" data-lazy=\"1\">\n        <div class=\"image-wrap tf_rel tf_mw\">\n            <img loading=\"lazy\" decoding=\"async\" src=\"https:\/\/imposing.com.tr\/wp-content\/uploads\/2025\/10\/anonim-art-359x431.jpg\" width=\"359\" height=\"431\" class=\"wp-post-image wp-image-62\" title=\"The Lost City\" alt=\"The Lost City exhibition\u00a0depicts the life of an urban city and busy people. The show took city at New York.\" srcset=\"https:\/\/imposing.com.tr\/wp-content\/uploads\/2025\/10\/anonim-art.jpg 359w, https:\/\/imposing.com.tr\/wp-content\/uploads\/2025\/10\/anonim-art-250x300.jpg 250w\" sizes=\"auto, (max-width: 359px) 100vw, 359px\" \/>    \n        <\/div>\n    <!-- \/image-wrap -->\n    \n        <div class=\"image-content\">\n                    <h3 class=\"image-title\">\n                                    The Lost City                            <\/h3>\n                        <div class=\"image-caption tb_text_wrap\">\n            The Lost City exhibition\u00a0depicts the life of an urban city and busy people. The show took city at New York.        <\/div>\n        <!-- \/image-caption -->\n            <\/div>\n    <!-- \/image-content -->\n        <\/div>\n<!-- \/module image --><!-- module text -->\n<div  class=\"module module-text tb_hrp548   \" data-lazy=\"1\">\n        <div  class=\"tb_text_wrap\">\n        <p>\/ Aug 2021<\/p>    <\/div>\n<\/div>\n<!-- \/module text -->        <\/div>\n                    <\/div>\n                <\/div>\n                        <\/div>\n        <\/div>\n        <\/div>\n<!--\/themify_builder_content-->","protected":false},"excerpt":{"rendered":"<p>CV G\u00f6nder Bilgileri Doldururken l\u00fctfen Dikkat edelim&#8230; G\u00f6nder yap\u0131labilmesi i\u00e7in KVKK ayd\u0131nlatma metninin kabul edilmesi zorunludur. A\u015fa\u011f\u0131daki bilgilere ek olarak cvmizi eklemeyi unutmayal\u0131m&#8230; tt tt \u0130ster yukar\u0131daki formu doldurarak isterseniz de di\u011fer ileti\u015fim yollar\u0131n\u0131 kullanarak bize ula\u015fabilirsiniz \u0130leti\u015fim B\u0130LG\u0130LER\u0130 Exhibition\/Press Abstraction A solo exhibition featuring my recent abstract works. Some &hellip; <\/p>\n","protected":false},"author":1,"featured_media":0,"parent":0,"menu_order":0,"comment_status":"closed","ping_status":"closed","template":"template-home.php","meta":{"footnotes":""},"class_list":["post-447","page","type-page","status-publish","hentry"],"builder_content":"<h2>CV G\u00f6nder<\/h2> <p>Bilgileri Doldururken l\u00fctfen Dikkat edelim...<\/p> <p>G\u00f6nder yap\u0131labilmesi i\u00e7in KVKK ayd\u0131nlatma metninin kabul edilmesi zorunludur.<\/p>\n<h3>A\u015fa\u011f\u0131daki bilgilere<\/h3> <p>ek olarak cvmizi eklemeyi unutmayal\u0131m...<\/p>\n<p>[contact-form-7 id=\"fb9536e\" title=\"cv\"]<\/p>\n<p>tt<\/p> <p>tt<\/p>\n<p>\u0130ster yukar\u0131daki formu doldurarak isterseniz de di\u011fer ileti\u015fim yollar\u0131n\u0131 kullanarak bize ula\u015fabilirsiniz<\/p>\n<a href=\"https:\/\/www.instagram.com\/imposing_insan_kaynaklari\/\" rel=\"noopener\" target=\"_blank\"> <em ><svg aria-hidden=\"true\"><use href=\"#tf-ti-instagram\"><\/use><\/svg><\/em> <\/a> <a href=\"https:\/\/www.linkedin.com\/company\/imposing-i%CC%87nsan-kaynaklar%C4%B1\/\" rel=\"noopener\" target=\"_blank\"> <em ><svg aria-hidden=\"true\"><use href=\"#tf-ti-linkedin\"><\/use><\/svg><\/em> <\/a>\n<a href=\"https:\/\/imposing.com.tr\/index.php\/sayfailet\/\" > \u0130leti\u015fim B\u0130LG\u0130LER\u0130 <em><svg aria-hidden=\"true\"><use href=\"#tf-fas-address-card\"><\/use><\/svg><\/em> <\/a>\n<img src=\"https:\/\/imposing.com.tr\/wp-content\/uploads\/2025\/10\/HAK1-519x321.jpg\" width=\"519\" height=\"321\" title=\"HAK1\" alt=\"HAK1\">\n<h2>Exhibition\/Press<\/h2>\n<img src=\"https:\/\/imposing.com.tr\/wp-content\/uploads\/2025\/10\/woman-art-1-359x431.jpg\" width=\"359\" height=\"431\" title=\"Abstraction\" alt=\"A solo exhibition featuring my recent abstract works. Some of the paintings are available for sale on my online shop.\" srcset=\"https:\/\/imposing.com.tr\/wp-content\/uploads\/2025\/10\/woman-art-1.jpg 359w, https:\/\/imposing.com.tr\/wp-content\/uploads\/2025\/10\/woman-art-1-250x300.jpg 250w\" sizes=\"(max-width: 359px) 100vw, 359px\" \/> <h3> Abstraction <\/h3> A solo exhibition featuring my recent abstract works. Some of the paintings are available for sale on my online shop.\n<p>\/ March 2022<\/p>\n<img src=\"https:\/\/imposing.com.tr\/wp-content\/uploads\/2025\/10\/abstract-art-1-359x431.jpg\" width=\"359\" height=\"431\" title=\"Splash\" alt=\"An exhibition of my splash series at New York Gallery. You can get the digital prints on my shop.\" srcset=\"https:\/\/imposing.com.tr\/wp-content\/uploads\/2025\/10\/abstract-art-1.jpg 359w, https:\/\/imposing.com.tr\/wp-content\/uploads\/2025\/10\/abstract-art-1-250x300.jpg 250w\" sizes=\"(max-width: 359px) 100vw, 359px\" \/> <h3> Splash <\/h3> An exhibition of my splash series at New York Gallery. You can get the digital prints on my shop.\n<p>\/ Nov 2021<\/p>\n<img src=\"https:\/\/imposing.com.tr\/wp-content\/uploads\/2025\/10\/anonim-art-359x431.jpg\" width=\"359\" height=\"431\" title=\"The Lost City\" alt=\"The Lost City exhibition\u00a0depicts the life of an urban city and busy people. The show took city at New York.\" srcset=\"https:\/\/imposing.com.tr\/wp-content\/uploads\/2025\/10\/anonim-art.jpg 359w, https:\/\/imposing.com.tr\/wp-content\/uploads\/2025\/10\/anonim-art-250x300.jpg 250w\" sizes=\"(max-width: 359px) 100vw, 359px\" \/> <h3> The Lost City <\/h3> The Lost City exhibition\u00a0depicts the life of an urban city and busy people. The show took city at New York.\n<p>\/ Aug 2021<\/p>","_links":{"self":[{"href":"https:\/\/imposing.com.tr\/index.php\/wp-json\/wp\/v2\/pages\/447","targetHints":{"allow":["GET"]}}],"collection":[{"href":"https:\/\/imposing.com.tr\/index.php\/wp-json\/wp\/v2\/pages"}],"about":[{"href":"https:\/\/imposing.com.tr\/index.php\/wp-json\/wp\/v2\/types\/page"}],"author":[{"embeddable":true,"href":"https:\/\/imposing.com.tr\/index.php\/wp-json\/wp\/v2\/users\/1"}],"replies":[{"embeddable":true,"href":"https:\/\/imposing.com.tr\/index.php\/wp-json\/wp\/v2\/comments?post=447"}],"version-history":[{"count":74,"href":"https:\/\/imposing.com.tr\/index.php\/wp-json\/wp\/v2\/pages\/447\/revisions"}],"predecessor-version":[{"id":637,"href":"https:\/\/imposing.com.tr\/index.php\/wp-json\/wp\/v2\/pages\/447\/revisions\/637"}],"wp:attachment":[{"href":"https:\/\/imposing.com.tr\/index.php\/wp-json\/wp\/v2\/media?parent=447"}],"curies":[{"name":"wp","href":"https:\/\/api.w.org\/{rel}","templated":true}]}}