{"id":493,"date":"2025-10-28T22:31:12","date_gmt":"2025-10-28T19:31:12","guid":{"rendered":"https:\/\/imposing.com.tr\/index.php\/kvkk\/"},"modified":"2025-11-02T22:24:28","modified_gmt":"2025-11-02T19:24:28","slug":"kvkk","status":"publish","type":"page","link":"https:\/\/imposing.com.tr\/index.php\/kvkk\/","title":{"rendered":"KVKK"},"content":{"rendered":"<!--themify_builder_content-->\n<div id=\"themify_builder_content-493\" data-postid=\"493\" class=\"themify_builder_content themify_builder_content-493 themify_builder tf_clear\">\n                    <div  data-css_id=\"odno133\" data-lazy=\"1\" class=\"module_row themify_builder_row fullwidth tb_odno133 tb_first tf_w\">\n                        <div class=\"row_inner col_align_top tb_col_count_1 tf_box tf_rel\">\n                        <div  data-lazy=\"1\" class=\"module_column tb-column col-full tb_od8a133 first\">\n                            <div  data-lazy=\"1\" class=\"module_subrow themify_builder_sub_row tf_w col_align_top tb_col_count_2 tb_kp8l133\">\n                <div  data-lazy=\"1\" class=\"module_column sub_column col4-2 tb_a2fl133 first\">\n                    <!-- module text -->\n<div  class=\"module module-text tb_yam0133   \" data-lazy=\"1\">\n        <div  class=\"tb_text_wrap\">\n        <p>KVKK Ayd\u0131nlatma Metni\u00a0 A\u015fa\u011f\u0131dad\u0131r<\/p>    <\/div>\n<\/div>\n<!-- \/module text --><!-- module text -->\n<div  class=\"module module-text tb_jid3133   \" data-lazy=\"1\">\n        <div  class=\"tb_text_wrap\">\n        <p>L\u00fctfen A\u015fa\u011f\u0131daki Bilgilerin tamam\u0131n\u0131 okuyunuz.\u00a0 Ayd\u0131nlatma metni ile ilgili t\u00fcm sorun , soru ve her\u015fey i\u00e7in bizimle ileti\u015fime ge\u00e7iniz.<\/p>    <\/div>\n<\/div>\n<!-- \/module text --><!-- module buttons -->\n<div  class=\"module module-buttons tb_l63f133 buttons-horizontal solid   circle\" data-lazy=\"1\">\n        <div class=\"module-buttons-item tf_in_flx\">\n                        <a href=\"https:\/\/imposing.com.tr\/index.php\/sayfailet\/\" class=\"ui builder_button tf_in_flx orange\" >\n                                                \u0130leti\u015fime Ge\u00e7mek \u0130\u00e7in T\u0131klay\u0131n\u0131z                                        <\/a>\n                <\/div>\n            <\/div>\n<!-- \/module buttons -->\n        <\/div>\n                    <div  data-lazy=\"1\" class=\"module_column sub_column col4-2 tb_t54p133 last\">\n                            <\/div>\n                    <\/div>\n                <\/div>\n                        <\/div>\n        <\/div>\n                        <div  data-lazy=\"1\" class=\"module_row themify_builder_row tb_taid133 tf_w\">\n                        <div class=\"row_inner col_align_top tb_col_count_1 tf_box tf_rel\">\n                        <div  data-lazy=\"1\" class=\"module_column tb-column col-full tb_axsn133 first\">\n                            <div  data-lazy=\"1\" class=\"module_subrow themify_builder_sub_row tf_w col_align_top tb_col_count_2 tb_bh41133\">\n                <div  data-lazy=\"1\" class=\"module_column sub_column col4-2 tb_p7s1133 first\">\n                    <!-- module text -->\n<div  class=\"module module-text tb_sqmo133   \" data-lazy=\"1\" data-lax-scale=\"(vh*0.6) 1,(vh*0) 0.714\" data-box-position=\"bottom left\" data-lax=\"true\">\n        <div  class=\"tb_text_wrap\">\n        <p>01<\/p>    <\/div>\n<\/div>\n<!-- \/module text --><!-- module text -->\n<div  class=\"module module-text tb_kqew133   \" data-lazy=\"1\">\n        <div  class=\"tb_text_wrap\">\n        <h3>Veri Sorumlusunun Kimli\u011fi<\/h3>    <\/div>\n<\/div>\n<!-- \/module text -->        <\/div>\n                    <div  data-lazy=\"1\" class=\"module_column sub_column col4-2 tb_uowj133 last\">\n                    <!-- module text -->\n<div  class=\"module module-text tb_ro5t133   \" data-lazy=\"1\">\n        <div  class=\"tb_text_wrap\">\n        <h4>\u015eirket Ad\u0131 : \u0130MPOS\u0130NG \u0130nsan Kaynaklar\u0131 Servis Temizlik Nakliye Tic. Ltd. \u015eti.<br>Adres :Alpkent Mah. 1033 Sk. No:9 D:3 Torbal\u0131 \/ \u0130ZM\u0130R<br>Telefon :+90 533 679 9512<br>E-posta :info@imposing.com.tr<\/h4>    <\/div>\n<\/div>\n<!-- \/module text -->        <\/div>\n                    <\/div>\n        <!-- module divider -->\n<div  class=\"module tf_mw module-divider tb_48ei133 solid   \" style=\"border-width: 1px;border-color: rgba(0,0,0, 0.15);margin-top: 30px;margin-bottom: 60px;\" data-lazy=\"1\">\n    <\/div>\n<!-- \/module divider -->\n        <div  data-lazy=\"1\" class=\"module_subrow themify_builder_sub_row tf_w col_align_top tb_col_count_2 tb_7ymf133\">\n                <div  data-lazy=\"1\" class=\"module_column sub_column col4-2 tb_6pvb133 first\">\n                    <!-- module text -->\n<div  class=\"module module-text tb_j4ap133   \" data-lazy=\"1\" data-lax-scale=\"(vh*0.6) 1,(vh*0) 0.714\" data-box-position=\"bottom left\" data-lax=\"true\">\n        <div  class=\"tb_text_wrap\">\n        <p>02<\/p>    <\/div>\n<\/div>\n<!-- \/module text --><!-- module text -->\n<div  class=\"module module-text tb_tcpf133   \" data-lazy=\"1\">\n        <div  class=\"tb_text_wrap\">\n        <h3>\u0130\u015flenen Ki\u015fisel Veriler<\/h3>    <\/div>\n<\/div>\n<!-- \/module text -->        <\/div>\n                    <div  data-lazy=\"1\" class=\"module_column sub_column col4-2 tb_ck03133 last\">\n                    <!-- module text -->\n<div  class=\"module module-text tb_iqii133   \" data-lazy=\"1\">\n        <div  class=\"tb_text_wrap\">\n        <h4>\u2022 Ad, soyad<br>\u2022 Do\u011fum tarihi, do\u011fum yeri<br>\u2022 \u0130leti\u015fim bilgileri (e-posta, telefon, adres)<br>\u2022 E\u011fitim bilgileri ve i\u015f deneyimi<br>\u2022 \u00d6l\u00e7me-de\u011ferlendirme sonu\u00e7lar\u0131<br>\u2022 CV ve ba\u015fvuru evraklar\u0131n\u0131zdaki di\u011fer ki\u015fisel veriler<\/h4>    <\/div>\n<\/div>\n<!-- \/module text -->        <\/div>\n                    <\/div>\n        <!-- module divider -->\n<div  class=\"module tf_mw module-divider tb_breh133 solid   \" style=\"border-width: 1px;border-color: rgba(0,0,0, 0.15);margin-top: 30px;margin-bottom: 60px;\" data-lazy=\"1\">\n    <\/div>\n<!-- \/module divider -->\n        <div  data-lazy=\"1\" class=\"module_subrow themify_builder_sub_row tf_w col_align_top tb_col_count_2 tb_pzpn133\">\n                <div  data-lazy=\"1\" class=\"module_column sub_column col4-2 tb_0va0133 first\">\n                    <!-- module text -->\n<div  class=\"module module-text tb_on8l133   \" data-lazy=\"1\" data-lax-scale=\"(vh*0.6) 1,(vh*0) 0.714\" data-box-position=\"bottom left\" data-lax=\"true\">\n        <div  class=\"tb_text_wrap\">\n        <p>03<\/p>    <\/div>\n<\/div>\n<!-- \/module text --><!-- module text -->\n<div  class=\"module module-text tb_g83p133   \" data-lazy=\"1\">\n        <div  class=\"tb_text_wrap\">\n        <h3>Ki\u015fisel Verilerin \u0130\u015flenme Ama\u00e7lar\u0131<\/h3>    <\/div>\n<\/div>\n<!-- \/module text -->        <\/div>\n                    <div  data-lazy=\"1\" class=\"module_column sub_column col4-2 tb_xq40133 last\">\n                    <!-- module text -->\n<div  class=\"module module-text tb_cgw2133   \" data-lazy=\"1\">\n        <div  class=\"tb_text_wrap\">\n        <h4>\u2022 Ba\u015fvurular\u0131n al\u0131nmas\u0131, incelenmesi ve aday se\u00e7iminin y\u00fcr\u00fct\u00fclmesi<br>\u2022 Test, m\u00fclakat, referans kontrol\u00fc gibi i\u015fe al\u0131m s\u00fcre\u00e7lerinin ger\u00e7ekle\u015ftirilmesi<br>\u2022 Uygun pozisyonlar i\u00e7in veri taban\u0131nda saklanarak gelecekteki i\u015f f\u0131rsatlar\u0131 hakk\u0131nda bilgilendirme yap\u0131lmas\u0131<\/h4>    <\/div>\n<\/div>\n<!-- \/module text -->        <\/div>\n                    <\/div>\n        <!-- module divider -->\n<div  class=\"module tf_mw module-divider tb_ksag133 solid   \" style=\"border-width: 1px;border-color: rgba(0,0,0, 0.15);margin-top: 30px;margin-bottom: 60px;\" data-lazy=\"1\">\n    <\/div>\n<!-- \/module divider -->\n        <div  data-lazy=\"1\" class=\"module_subrow themify_builder_sub_row tf_w col_align_top tb_col_count_2 tb_zpwp133\">\n                <div  data-lazy=\"1\" class=\"module_column sub_column col4-2 tb_szd6133 first\">\n                    <!-- module text -->\n<div  class=\"module module-text tb_lbdg133   \" data-lazy=\"1\" data-lax-scale=\"(vh*0.6) 1,(vh*0) 0.714\" data-box-position=\"bottom left\" data-lax=\"true\">\n        <div  class=\"tb_text_wrap\">\n        <p>04<\/p>    <\/div>\n<\/div>\n<!-- \/module text --><!-- module text -->\n<div  class=\"module module-text tb_pv1p133   \" data-lazy=\"1\">\n        <div  class=\"tb_text_wrap\">\n        <h3>\u0130\u015fleme Y\u00f6ntemi ve Hukuki Dayanak<\/h3>    <\/div>\n<\/div>\n<!-- \/module text -->        <\/div>\n                    <div  data-lazy=\"1\" class=\"module_column sub_column col4-2 tb_8iwj133 last\">\n                    <!-- module text -->\n<div  class=\"module module-text tb_b1ys133   \" data-lazy=\"1\">\n        <div  class=\"tb_text_wrap\">\n        <h4>Ki\u015fisel verileriniz elektronik ve fiziki ortamlarda, 6698 say\u0131l\u0131 Ki\u015fisel Verilerin Korunmas\u0131 Kanunu\u2019nun 5. ve 6. maddeleri uyar\u0131nca a\u00e7\u0131k r\u0131zan\u0131za dayan\u0131larak i\u015flenecektir.<\/h4>    <\/div>\n<\/div>\n<!-- \/module text -->        <\/div>\n                    <\/div>\n        <!-- module divider -->\n<div  class=\"module tf_mw module-divider tb_7b5d133 solid   \" style=\"border-width: 1px;border-color: rgba(0,0,0, 0.15);margin-top: 30px;margin-bottom: 60px;\" data-lazy=\"1\">\n    <\/div>\n<!-- \/module divider -->\n        <div  data-lazy=\"1\" class=\"module_subrow themify_builder_sub_row tf_w col_align_top tb_col_count_2 tb_rdzj133\">\n                <div  data-lazy=\"1\" class=\"module_column sub_column col4-2 tb_47yf133 first\">\n                    <!-- module text -->\n<div  class=\"module module-text tb_sh8d133   \" data-lazy=\"1\" data-lax-scale=\"(vh*0.6) 1,(vh*0) 0.714\" data-box-position=\"bottom left\" data-lax=\"true\">\n        <div  class=\"tb_text_wrap\">\n        <p>05<\/p>    <\/div>\n<\/div>\n<!-- \/module text --><!-- module text -->\n<div  class=\"module module-text tb_p09r133   \" data-lazy=\"1\">\n        <div  class=\"tb_text_wrap\">\n        <h3>Ki\u015fisel Verilerin Aktar\u0131m\u0131<\/h3>    <\/div>\n<\/div>\n<!-- \/module text -->        <\/div>\n                    <div  data-lazy=\"1\" class=\"module_column sub_column col4-2 tb_iel5133 last\">\n                    <!-- module text -->\n<div  class=\"module module-text tb_gka3133   \" data-lazy=\"1\">\n        <div  class=\"tb_text_wrap\">\n        <h4>Toplanan verileriniz;<br>\u2022 \u0130nsan kaynaklar\u0131 hizmeti ald\u0131\u011f\u0131m\u0131z i\u015f ortaklar\u0131na<br>\u2022 Yasal y\u00fck\u00fcml\u00fcl\u00fckler \u00e7er\u00e7evesinde yetkili resmi kurum ve kurulu\u015flara aktar\u0131labilir.<\/h4>    <\/div>\n<\/div>\n<!-- \/module text -->        <\/div>\n                    <\/div>\n        <!-- module divider -->\n<div  class=\"module tf_mw module-divider tb_akr1133 solid   \" style=\"border-width: 1px;border-color: rgba(0,0,0, 0.15);margin-top: 30px;margin-bottom: 60px;\" data-lazy=\"1\">\n    <\/div>\n<!-- \/module divider -->\n        <div  data-lazy=\"1\" class=\"module_subrow themify_builder_sub_row tf_w col_align_top tb_col_count_2 tb_uunz133\">\n                <div  data-lazy=\"1\" class=\"module_column sub_column col4-2 tb_5vq6133 first\">\n                    <!-- module text -->\n<div  class=\"module module-text tb_zsnr133   \" data-lazy=\"1\" data-lax-scale=\"(vh*0.6) 1,(vh*0) 0.714\" data-box-position=\"bottom left\" data-lax=\"true\">\n        <div  class=\"tb_text_wrap\">\n        <p>06<\/p>    <\/div>\n<\/div>\n<!-- \/module text --><!-- module text -->\n<div  class=\"module module-text tb_6k72133   \" data-lazy=\"1\">\n        <div  class=\"tb_text_wrap\">\n        <h3>Saklama S\u00fcresi<\/h3>    <\/div>\n<\/div>\n<!-- \/module text -->        <\/div>\n                    <div  data-lazy=\"1\" class=\"module_column sub_column col4-2 tb_5kwx133 last\">\n                    <!-- module text -->\n<div  class=\"module module-text tb_1wha133   \" data-lazy=\"1\">\n        <div  class=\"tb_text_wrap\">\n        <h4>Ba\u015fvuru s\u00fcrecinin tamamlanmas\u0131n\u0131 takip eden azami 2 y\u0131l s\u00fcreyle saklanacak, sonras\u0131nda silinecek veya anonim h\u00e2le getirilecektir.<\/h4>    <\/div>\n<\/div>\n<!-- \/module text -->        <\/div>\n                    <\/div>\n        <!-- module divider -->\n<div  class=\"module tf_mw module-divider tb_9td3133 solid   \" style=\"border-width: 1px;border-color: rgba(0,0,0, 0.15);margin-top: 30px;margin-bottom: 60px;\" data-lazy=\"1\">\n    <\/div>\n<!-- \/module divider -->\n        <div  data-lazy=\"1\" class=\"module_subrow themify_builder_sub_row tf_w col_align_top tb_col_count_2 tb_gap6133\">\n                <div  data-lazy=\"1\" class=\"module_column sub_column col4-2 tb_n2e2133 first\">\n                    <!-- module text -->\n<div  class=\"module module-text tb_1yrf133   \" data-lazy=\"1\" data-lax-scale=\"(vh*0.6) 1,(vh*0) 0.714\" data-box-position=\"bottom left\" data-lax=\"true\">\n        <div  class=\"tb_text_wrap\">\n        <p>07<\/p>    <\/div>\n<\/div>\n<!-- \/module text --><!-- module text -->\n<div  class=\"module module-text tb_6b6p133   \" data-lazy=\"1\">\n        <div  class=\"tb_text_wrap\">\n        <h3>\u0130lgili Ki\u015finin Haklar\u0131<\/h3>    <\/div>\n<\/div>\n<!-- \/module text -->        <\/div>\n                    <div  data-lazy=\"1\" class=\"module_column sub_column col4-2 tb_kclk133 last\">\n                    <!-- module text -->\n<div  class=\"module module-text tb_wk8l133   \" data-lazy=\"1\">\n        <div  class=\"tb_text_wrap\">\n        <h4>KVKK Madde 11 uyar\u0131nca;<br>\u2022 Verilerinizin i\u015flenip i\u015flenmedi\u011fini \u00f6\u011frenme<br>\u2022 \u0130\u015flenmi\u015fse bilgi talep etme<br>\u2022 \u0130\u015flenme amac\u0131na uygun i\u015flenip i\u015flenmedi\u011fini \u00f6\u011frenme<br>\u2022 Eksik veya yanl\u0131\u015f i\u015flenmi\u015f verilerin d\u00fczeltilmesini isteme<br>\u2022 Kanuna ayk\u0131r\u0131 i\u015flenmi\u015f verilerin silinmesini veya yok edilmesini talep etme<br>\u2022 \u0130\u015flenmesini gerektiren sebepler ortadan kalkt\u0131\u011f\u0131nda verilerin silinmesini isteme<br>\u2022 Aktar\u0131lan verilerin \u00fc\u00e7\u00fcnc\u00fc ki\u015filere iletilmesini talep etme<br>\u2022 R\u0131za verdi\u011finiz hususlara ili\u015fkin olarak r\u0131zan\u0131z\u0131 geri \u00e7ekme<br>Haklar\u0131n\u0131z\u0131 kullanmak i\u00e7in l\u00fctfen yukar\u0131daki ileti\u015fim kanallar\u0131m\u0131zdan bize ba\u015fvurunuz.<\/h4>    <\/div>\n<\/div>\n<!-- \/module text -->        <\/div>\n                    <\/div>\n                <\/div>\n                        <\/div>\n        <\/div>\n        <\/div>\n<!--\/themify_builder_content-->","protected":false},"excerpt":{"rendered":"<p>KVKK Ayd\u0131nlatma Metni\u00a0 A\u015fa\u011f\u0131dad\u0131r L\u00fctfen A\u015fa\u011f\u0131daki Bilgilerin tamam\u0131n\u0131 okuyunuz.\u00a0 Ayd\u0131nlatma metni ile ilgili t\u00fcm sorun , soru ve her\u015fey i\u00e7in bizimle ileti\u015fime ge\u00e7iniz. \u0130leti\u015fime Ge\u00e7mek \u0130\u00e7in T\u0131klay\u0131n\u0131z 01 Veri Sorumlusunun Kimli\u011fi \u015eirket Ad\u0131 : \u0130MPOS\u0130NG \u0130nsan Kaynaklar\u0131 Servis Temizlik Nakliye Tic. Ltd. \u015eti.Adres :Alpkent Mah. 1033 Sk. No:9 D:3 Torbal\u0131 &hellip; <\/p>\n","protected":false},"author":1,"featured_media":0,"parent":0,"menu_order":0,"comment_status":"closed","ping_status":"closed","template":"template-home.php","meta":{"footnotes":""},"class_list":["post-493","page","type-page","status-publish","hentry"],"builder_content":"<p>KVKK Ayd\u0131nlatma Metni\u00a0 A\u015fa\u011f\u0131dad\u0131r<\/p>\n<p>L\u00fctfen A\u015fa\u011f\u0131daki Bilgilerin tamam\u0131n\u0131 okuyunuz.\u00a0 Ayd\u0131nlatma metni ile ilgili t\u00fcm sorun , soru ve her\u015fey i\u00e7in bizimle ileti\u015fime ge\u00e7iniz.<\/p>\n<a href=\"https:\/\/imposing.com.tr\/index.php\/sayfailet\/\" > \u0130leti\u015fime Ge\u00e7mek \u0130\u00e7in T\u0131klay\u0131n\u0131z <\/a>\n<p>01<\/p>\n<h3>Veri Sorumlusunun Kimli\u011fi<\/h3>\n<h4>\u015eirket Ad\u0131 : \u0130MPOS\u0130NG \u0130nsan Kaynaklar\u0131 Servis Temizlik Nakliye Tic. Ltd. \u015eti.<br>Adres :Alpkent Mah. 1033 Sk. No:9 D:3 Torbal\u0131 \/ \u0130ZM\u0130R<br>Telefon :+90 533 679 9512<br>E-posta :info@imposing.com.tr<\/h4>\n\n<p>02<\/p>\n<h3>\u0130\u015flenen Ki\u015fisel Veriler<\/h3>\n<h4>\u2022 Ad, soyad<br>\u2022 Do\u011fum tarihi, do\u011fum yeri<br>\u2022 \u0130leti\u015fim bilgileri (e-posta, telefon, adres)<br>\u2022 E\u011fitim bilgileri ve i\u015f deneyimi<br>\u2022 \u00d6l\u00e7me-de\u011ferlendirme sonu\u00e7lar\u0131<br>\u2022 CV ve ba\u015fvuru evraklar\u0131n\u0131zdaki di\u011fer ki\u015fisel veriler<\/h4>\n\n<p>03<\/p>\n<h3>Ki\u015fisel Verilerin \u0130\u015flenme Ama\u00e7lar\u0131<\/h3>\n<h4>\u2022 Ba\u015fvurular\u0131n al\u0131nmas\u0131, incelenmesi ve aday se\u00e7iminin y\u00fcr\u00fct\u00fclmesi<br>\u2022 Test, m\u00fclakat, referans kontrol\u00fc gibi i\u015fe al\u0131m s\u00fcre\u00e7lerinin ger\u00e7ekle\u015ftirilmesi<br>\u2022 Uygun pozisyonlar i\u00e7in veri taban\u0131nda saklanarak gelecekteki i\u015f f\u0131rsatlar\u0131 hakk\u0131nda bilgilendirme yap\u0131lmas\u0131<\/h4>\n\n<p>04<\/p>\n<h3>\u0130\u015fleme Y\u00f6ntemi ve Hukuki Dayanak<\/h3>\n<h4>Ki\u015fisel verileriniz elektronik ve fiziki ortamlarda, 6698 say\u0131l\u0131 Ki\u015fisel Verilerin Korunmas\u0131 Kanunu\u2019nun 5. ve 6. maddeleri uyar\u0131nca a\u00e7\u0131k r\u0131zan\u0131za dayan\u0131larak i\u015flenecektir.<\/h4>\n\n<p>05<\/p>\n<h3>Ki\u015fisel Verilerin Aktar\u0131m\u0131<\/h3>\n<h4>Toplanan verileriniz;<br>\u2022 \u0130nsan kaynaklar\u0131 hizmeti ald\u0131\u011f\u0131m\u0131z i\u015f ortaklar\u0131na<br>\u2022 Yasal y\u00fck\u00fcml\u00fcl\u00fckler \u00e7er\u00e7evesinde yetkili resmi kurum ve kurulu\u015flara aktar\u0131labilir.<\/h4>\n\n<p>06<\/p>\n<h3>Saklama S\u00fcresi<\/h3>\n<h4>Ba\u015fvuru s\u00fcrecinin tamamlanmas\u0131n\u0131 takip eden azami 2 y\u0131l s\u00fcreyle saklanacak, sonras\u0131nda silinecek veya anonim h\u00e2le getirilecektir.<\/h4>\n\n<p>07<\/p>\n<h3>\u0130lgili Ki\u015finin Haklar\u0131<\/h3>\n<h4>KVKK Madde 11 uyar\u0131nca;<br>\u2022 Verilerinizin i\u015flenip i\u015flenmedi\u011fini \u00f6\u011frenme<br>\u2022 \u0130\u015flenmi\u015fse bilgi talep etme<br>\u2022 \u0130\u015flenme amac\u0131na uygun i\u015flenip i\u015flenmedi\u011fini \u00f6\u011frenme<br>\u2022 Eksik veya yanl\u0131\u015f i\u015flenmi\u015f verilerin d\u00fczeltilmesini isteme<br>\u2022 Kanuna ayk\u0131r\u0131 i\u015flenmi\u015f verilerin silinmesini veya yok edilmesini talep etme<br>\u2022 \u0130\u015flenmesini gerektiren sebepler ortadan kalkt\u0131\u011f\u0131nda verilerin silinmesini isteme<br>\u2022 Aktar\u0131lan verilerin \u00fc\u00e7\u00fcnc\u00fc ki\u015filere iletilmesini talep etme<br>\u2022 R\u0131za verdi\u011finiz hususlara ili\u015fkin olarak r\u0131zan\u0131z\u0131 geri \u00e7ekme<br>Haklar\u0131n\u0131z\u0131 kullanmak i\u00e7in l\u00fctfen yukar\u0131daki ileti\u015fim kanallar\u0131m\u0131zdan bize ba\u015fvurunuz.<\/h4>","_links":{"self":[{"href":"https:\/\/imposing.com.tr\/index.php\/wp-json\/wp\/v2\/pages\/493","targetHints":{"allow":["GET"]}}],"collection":[{"href":"https:\/\/imposing.com.tr\/index.php\/wp-json\/wp\/v2\/pages"}],"about":[{"href":"https:\/\/imposing.com.tr\/index.php\/wp-json\/wp\/v2\/types\/page"}],"author":[{"embeddable":true,"href":"https:\/\/imposing.com.tr\/index.php\/wp-json\/wp\/v2\/users\/1"}],"replies":[{"embeddable":true,"href":"https:\/\/imposing.com.tr\/index.php\/wp-json\/wp\/v2\/comments?post=493"}],"version-history":[{"count":60,"href":"https:\/\/imposing.com.tr\/index.php\/wp-json\/wp\/v2\/pages\/493\/revisions"}],"predecessor-version":[{"id":688,"href":"https:\/\/imposing.com.tr\/index.php\/wp-json\/wp\/v2\/pages\/493\/revisions\/688"}],"wp:attachment":[{"href":"https:\/\/imposing.com.tr\/index.php\/wp-json\/wp\/v2\/media?parent=493"}],"curies":[{"name":"wp","href":"https:\/\/api.w.org\/{rel}","templated":true}]}}